{"id":16731,"date":"2020-04-12T14:29:18","date_gmt":"2020-04-12T12:29:18","guid":{"rendered":"https:\/\/freizeit-technik.de\/shop\/almofada-de-armacao-para-proline-23-dimensoes-da-armacao-300-x-225cm\/"},"modified":"2026-05-11T11:05:48","modified_gmt":"2026-05-11T09:05:48","slug":"almofada-de-armacao-para-proline-23-dimensoes-da-armacao-300-x-225cm","status":"publish","type":"product","link":"https:\/\/freizeit-technik.de\/pt-pt\/shop\/almofada-de-armacao-para-proline-23-dimensoes-da-armacao-300-x-225cm\/","title":{"rendered":"Almofada de arma\u00e7\u00e3o para Proline 23, dimens\u00f5es da arma\u00e7\u00e3o 300 x 225cm"},"content":{"rendered":"<p><strong>Cor do preenchimento das margens: verde ou azul<\/strong><\/p>\n","protected":false},"excerpt":{"rendered":"<p><span class=\"tx-ttproducts-pi1-wrap2\">Estrutura de enchimento verde para trampolim retangular Proline 23<\/span><\/p>\n","protected":false},"featured_media":16738,"comment_status":"open","ping_status":"closed","template":"","meta":{"_acf_changed":false},"product_brand":[],"product_cat":[221,228],"product_tag":[],"class_list":{"0":"post-16731","1":"product","2":"type-product","3":"status-publish","4":"has-post-thumbnail","6":"product_cat-instalacoes-de-trampolins-de-bungee","7":"product_cat-trampolins-laterais","9":"first","10":"instock","11":"taxable","12":"shipping-taxable","13":"purchasable","14":"product-type-variable"},"acf":[],"_links":{"self":[{"href":"https:\/\/freizeit-technik.de\/pt-pt\/wp-json\/wp\/v2\/product\/16731","targetHints":{"allow":["GET"]}}],"collection":[{"href":"https:\/\/freizeit-technik.de\/pt-pt\/wp-json\/wp\/v2\/product"}],"about":[{"href":"https:\/\/freizeit-technik.de\/pt-pt\/wp-json\/wp\/v2\/types\/product"}],"replies":[{"embeddable":true,"href":"https:\/\/freizeit-technik.de\/pt-pt\/wp-json\/wp\/v2\/comments?post=16731"}],"wp:featuredmedia":[{"embeddable":true,"href":"https:\/\/freizeit-technik.de\/pt-pt\/wp-json\/wp\/v2\/media\/16738"}],"wp:attachment":[{"href":"https:\/\/freizeit-technik.de\/pt-pt\/wp-json\/wp\/v2\/media?parent=16731"}],"wp:term":[{"taxonomy":"product_brand","embeddable":true,"href":"https:\/\/freizeit-technik.de\/pt-pt\/wp-json\/wp\/v2\/product_brand?post=16731"},{"taxonomy":"product_cat","embeddable":true,"href":"https:\/\/freizeit-technik.de\/pt-pt\/wp-json\/wp\/v2\/product_cat?post=16731"},{"taxonomy":"product_tag","embeddable":true,"href":"https:\/\/freizeit-technik.de\/pt-pt\/wp-json\/wp\/v2\/product_tag?post=16731"}],"curies":[{"name":"wp","href":"https:\/\/api.w.org\/{rel}","templated":true}]}}