{"id":16768,"date":"2020-04-20T14:23:22","date_gmt":"2020-04-20T12:23:22","guid":{"rendered":"https:\/\/freizeit-technik.de\/shop\/trampolim-de-jardim-proline-de-8-245\/"},"modified":"2026-05-11T11:05:40","modified_gmt":"2026-05-11T09:05:40","slug":"trampolim-de-jardim-proline-de-8-245","status":"publish","type":"product","link":"https:\/\/freizeit-technik.de\/pt-pt\/shop\/trampolim-de-jardim-proline-de-8-245\/","title":{"rendered":"Trampolim de jardim Proline de 8&#8221; (2,45)"},"content":{"rendered":"<p><span class=\"tx-ttproducts-pi1-wrap2\"><strong><img loading=\"lazy\" decoding=\"async\" src=\"http:\/\/shop.freizeit-technik.de\/images\/content\/tuevgs.jpg\" alt=\"\" width=\"70\" height=\"32\" align=\"absMiddle\"><\/strong><\/span><\/p>\n<p>Di\u00e2metro: 2,45 m<br \/>\nPeso: 50 kg<br \/>\nPeso m\u00e1x. Peso do utilizador: 80 kg<br \/>\nEspessura do tubo: 2 mm<br \/>\nN\u00famero de molas: 60<br \/>\nCor da cobertura da estrutura: verde<br \/>\nEspessura da almofada: 25 mm<br \/>\nCertifica\u00e7\u00e3o: T\u00dcV\/GS<br \/>\nTamanho da embalagem: 133 x 50 x 23 cm <\/p>\n<p><img loading=\"lazy\" decoding=\"async\" class=\"size-full wp-image-688 alignleft\" src=\"https:\/\/freizeit-technik.de\/wp-content\/uploads\/2017\/03\/Q_asia-1.gif\" alt=\"\" width=\"64\" height=\"64\"><img loading=\"lazy\" decoding=\"async\" class=\"size-full wp-image-694 alignleft\" src=\"https:\/\/freizeit-technik.de\/wp-content\/uploads\/2017\/03\/premium_line.gif\" alt=\"\" width=\"119\" height=\"64\"><\/p>\n","protected":false},"excerpt":{"rendered":"<p>A qualidade dos trampolins da marca Proline corresponde em grande parte \u00e0 dos produtos Jumpfree de alta qualidade. O volume de fornecimento de um 4tramp mini inclui, portanto, trampolins Proline de 8&#8243; como padr\u00e3o.<\/p>\n<p class=\"bodytext\"><strong><br \/>\nCarater\u00edstica especial:<\/strong> os trampolins da s\u00e9rie Proline t\u00eam uma cobertura de estrutura verde extremamente robusta, com 25 mm de espessura.<\/p>\n<p><u><strong>Nota importante:<\/strong><\/u><br \/>\nOs trampolins de jardim e os acess\u00f3rios Jumpfree Royal e Proline s\u00e3o classificados como &#8220;Linha Premium&#8221; quando utilizados em sistemas de trampolim com el\u00e1stico. A qualidade dos produtos \u00e9 elevada. No entanto, estes produtos s\u00e3o apenas adequados para utiliza\u00e7\u00e3o comercial em combina\u00e7\u00e3o com o sistema de el\u00e1stico e n\u00e3o substituem de forma alguma um sistema de trampolim profissional (por exemplo, Multitramp). Estes produtos n\u00e3o foram concebidos para este tipo de utiliza\u00e7\u00e3o!   <\/p>\n","protected":false},"featured_media":16772,"comment_status":"open","ping_status":"closed","template":"","meta":{"_acf_changed":false},"product_brand":[],"product_cat":[221,228],"product_tag":[],"class_list":{"0":"post-16768","1":"product","2":"type-product","3":"status-publish","4":"has-post-thumbnail","6":"product_cat-instalacoes-de-trampolins-de-bungee","7":"product_cat-trampolins-laterais","9":"first","10":"instock","11":"taxable","12":"shipping-taxable","13":"purchasable","14":"product-type-simple"},"acf":[],"_links":{"self":[{"href":"https:\/\/freizeit-technik.de\/pt-pt\/wp-json\/wp\/v2\/product\/16768","targetHints":{"allow":["GET"]}}],"collection":[{"href":"https:\/\/freizeit-technik.de\/pt-pt\/wp-json\/wp\/v2\/product"}],"about":[{"href":"https:\/\/freizeit-technik.de\/pt-pt\/wp-json\/wp\/v2\/types\/product"}],"replies":[{"embeddable":true,"href":"https:\/\/freizeit-technik.de\/pt-pt\/wp-json\/wp\/v2\/comments?post=16768"}],"wp:featuredmedia":[{"embeddable":true,"href":"https:\/\/freizeit-technik.de\/pt-pt\/wp-json\/wp\/v2\/media\/16772"}],"wp:attachment":[{"href":"https:\/\/freizeit-technik.de\/pt-pt\/wp-json\/wp\/v2\/media?parent=16768"}],"wp:term":[{"taxonomy":"product_brand","embeddable":true,"href":"https:\/\/freizeit-technik.de\/pt-pt\/wp-json\/wp\/v2\/product_brand?post=16768"},{"taxonomy":"product_cat","embeddable":true,"href":"https:\/\/freizeit-technik.de\/pt-pt\/wp-json\/wp\/v2\/product_cat?post=16768"},{"taxonomy":"product_tag","embeddable":true,"href":"https:\/\/freizeit-technik.de\/pt-pt\/wp-json\/wp\/v2\/product_tag?post=16768"}],"curies":[{"name":"wp","href":"https:\/\/api.w.org\/{rel}","templated":true}]}}