{"id":16807,"date":"2020-04-18T14:18:58","date_gmt":"2020-04-18T12:18:58","guid":{"rendered":"https:\/\/freizeit-technik.de\/shop\/trampolim-de-ar-tamanho-2\/"},"modified":"2026-05-11T11:05:57","modified_gmt":"2026-05-11T09:05:57","slug":"trampolim-de-ar-tamanho-2","status":"publish","type":"product","link":"https:\/\/freizeit-technik.de\/pt-pt\/shop\/trampolim-de-ar-tamanho-2\/","title":{"rendered":"Trampolim de ar tamanho 2"},"content":{"rendered":"<p><strong>Dimens\u00f5es:<br \/>\n176&#8243; x 126&#8243; x 27,5&#8243;<br \/>\n447,04 x 320,04 x 69,85cm<\/strong><\/p>\n<p><img loading=\"lazy\" decoding=\"async\" class=\"size-full wp-image-690 alignleft\" src=\"https:\/\/freizeit-technik.de\/wp-content\/uploads\/2017\/03\/empfehlung.gif\" alt=\"\" width=\"198\" height=\"64\"><img loading=\"lazy\" decoding=\"async\" class=\"size-full wp-image-688 alignleft\" src=\"https:\/\/freizeit-technik.de\/wp-content\/uploads\/2017\/03\/Q_asia-1.gif\" alt=\"\" width=\"64\" height=\"64\"><img loading=\"lazy\" decoding=\"async\" class=\"size-full wp-image-694 alignleft\" src=\"https:\/\/freizeit-technik.de\/wp-content\/uploads\/2017\/03\/premium_line.gif\" alt=\"\" width=\"119\" height=\"64\"><img loading=\"lazy\" decoding=\"async\" class=\"size-full wp-image-448 alignleft\" src=\"https:\/\/freizeit-technik.de\/wp-content\/uploads\/2017\/02\/exclusively_JS.gif\" alt=\"\" width=\"119\" height=\"64\"><\/p>\n","protected":false},"excerpt":{"rendered":"<p><span class=\"tx-ttproducts-pi1-wrap2\">O trampolim pneum\u00e1tico pode ser insuflado em apenas alguns minutos com um soprador. Depois, ret\u00e9m o ar de forma fi\u00e1vel. A mesma tecnologia \u00e9 tamb\u00e9m utilizada na navega\u00e7\u00e3o profissional. O trampolim pneum\u00e1tico tem um verdadeiro tapete de saltos de trampolim.<br \/>\nQuando est\u00e1 corretamente insuflado, proporciona um efeito de mola espantoso sem limitar a altura de salto quando utilizado em sistemas de trampolim com el\u00e1stico. A qualidade \u00e9 convincente e tem dado provas h\u00e1 mais de 10 anos.<\/span> As <span class=\"tx-ttproducts-pi1-wrap2\">pequenas repara\u00e7\u00f5es podem ser efectuadas sem qualquer problema com o kit fornecido.<br \/>\nAs dimens\u00f5es reduzidas da embalagem e o peso reduzido fazem dela uma excelente solu\u00e7\u00e3o para os trampolins<\/span> de ar <span class=\"tx-ttproducts-pi1-wrap2\">el\u00e1stico em utiliza\u00e7\u00e3o m\u00f3vel, poupando um tempo consider\u00e1vel durante a montagem e a desmontagem.<\/span><br \/>\nUma vez que os trampolins de ar podem ser esvaziados antes e depois de cada dia de utiliza\u00e7\u00e3o, os danos materiais tamb\u00e9m n\u00e3o s\u00e3o um problema.<\/p>\n<p><strong>Uma recomenda\u00e7\u00e3o clara da nossa parte!<\/strong><\/p>\n","protected":false},"featured_media":16737,"comment_status":"open","ping_status":"closed","template":"","meta":{"_acf_changed":false},"product_brand":[],"product_cat":[221,228],"product_tag":[],"class_list":{"0":"post-16807","1":"product","2":"type-product","3":"status-publish","4":"has-post-thumbnail","6":"product_cat-instalacoes-de-trampolins-de-bungee","7":"product_cat-trampolins-laterais","9":"first","10":"instock","11":"taxable","12":"shipping-taxable","13":"purchasable","14":"product-type-variable"},"acf":[],"_links":{"self":[{"href":"https:\/\/freizeit-technik.de\/pt-pt\/wp-json\/wp\/v2\/product\/16807","targetHints":{"allow":["GET"]}}],"collection":[{"href":"https:\/\/freizeit-technik.de\/pt-pt\/wp-json\/wp\/v2\/product"}],"about":[{"href":"https:\/\/freizeit-technik.de\/pt-pt\/wp-json\/wp\/v2\/types\/product"}],"replies":[{"embeddable":true,"href":"https:\/\/freizeit-technik.de\/pt-pt\/wp-json\/wp\/v2\/comments?post=16807"}],"wp:featuredmedia":[{"embeddable":true,"href":"https:\/\/freizeit-technik.de\/pt-pt\/wp-json\/wp\/v2\/media\/16737"}],"wp:attachment":[{"href":"https:\/\/freizeit-technik.de\/pt-pt\/wp-json\/wp\/v2\/media?parent=16807"}],"wp:term":[{"taxonomy":"product_brand","embeddable":true,"href":"https:\/\/freizeit-technik.de\/pt-pt\/wp-json\/wp\/v2\/product_brand?post=16807"},{"taxonomy":"product_cat","embeddable":true,"href":"https:\/\/freizeit-technik.de\/pt-pt\/wp-json\/wp\/v2\/product_cat?post=16807"},{"taxonomy":"product_tag","embeddable":true,"href":"https:\/\/freizeit-technik.de\/pt-pt\/wp-json\/wp\/v2\/product_tag?post=16807"}],"curies":[{"name":"wp","href":"https:\/\/api.w.org\/{rel}","templated":true}]}}