{"id":16832,"date":"2017-07-31T15:06:49","date_gmt":"2017-07-31T13:06:49","guid":{"rendered":"https:\/\/freizeit-technik.de\/shop\/elastiks-de-expansao-tipo-2-10-kg-a-metro\/"},"modified":"2026-05-11T11:15:56","modified_gmt":"2026-05-11T09:15:56","slug":"elastiks-de-expansao-tipo-2-10-kg-a-metro","status":"publish","type":"product","link":"https:\/\/freizeit-technik.de\/pt-pt\/shop\/elastiks-de-expansao-tipo-2-10-kg-a-metro\/","title":{"rendered":"Elastiks de expans\u00e3o tipo 2, 10 kg, a metro"},"content":{"rendered":"<p><strong>Para peso: aprox. 10 kg <\/strong>(peso do saltador quando utilizado em ambos os lados)<strong><br \/>\nCor: preto ou preto-amarelo<br \/>\nComprimento do rolo: 100 m<br \/>\nDin\u00e2mica de salto: +++<br \/>\nDurabilidade: ++++<br \/>\nSeguran\u00e7a: ++++<\/strong><\/p>\n","protected":false},"excerpt":{"rendered":"<p class=\"bodytext\">Corda de borracha de 9 mm com cobertura dupla preta ou preta\/amarela.<br \/>\nO entran\u00e7ado duplo em combina\u00e7\u00e3o com um maior n\u00famero de fios interiores mais finos e pretos significa que estes el\u00e1sticos t\u00eam uma vida \u00fatil acima da m\u00e9dia.<br \/>\nA cobertura exterior \u00e9 muito solta. Como resultado, move-se com relativa for\u00e7a durante o funcionamento e, por vezes, infla. No entanto, a durabilidade destes el\u00e1sticos \u00e9 muito boa, uma vez que a bainha exterior fornece uma camada protetora adicional e os fios de l\u00e1tex interiores continuam a ser protegidos pela segunda bainha interior, muito macia. Estas cordas el\u00e1sticas oferecem uma excelente rela\u00e7\u00e3o pre\u00e7o\/desempenho e s\u00e3o uma escolha muito boa para os operadores que n\u00e3o se preocupam principalmente com uma bainha exterior perfeitamente ajustada.   <\/p>\n<p class=\"bodytext\"><strong>Por favor, introduz o n\u00famero desejado de metros corridos no campo de encomenda.<br \/>\nComprimento do rolo = 100m<\/strong><\/p>\n<p class=\"bodytext\">Se o comprimento desejado do cord\u00e3o de borracha for diferente do comprimento do rolo especificado, cobraremos uma sobretaxa de personaliza\u00e7\u00e3o de 7,50 euros l\u00edquidos.<\/p>\n","protected":false},"featured_media":16837,"comment_status":"open","ping_status":"closed","template":"","meta":{"_acf_changed":false},"product_brand":[],"product_cat":[349,244,246],"product_tag":[],"class_list":{"0":"post-16832","1":"product","2":"type-product","3":"status-publish","4":"has-post-thumbnail","6":"product_cat-cordas-de-borracha","7":"product_cat-elasticos-e-cordas","8":"product_cat-faz-tu-mesmo","10":"first","11":"instock","12":"taxable","13":"shipping-taxable","14":"purchasable","15":"product-type-variable"},"acf":[],"_links":{"self":[{"href":"https:\/\/freizeit-technik.de\/pt-pt\/wp-json\/wp\/v2\/product\/16832","targetHints":{"allow":["GET"]}}],"collection":[{"href":"https:\/\/freizeit-technik.de\/pt-pt\/wp-json\/wp\/v2\/product"}],"about":[{"href":"https:\/\/freizeit-technik.de\/pt-pt\/wp-json\/wp\/v2\/types\/product"}],"replies":[{"embeddable":true,"href":"https:\/\/freizeit-technik.de\/pt-pt\/wp-json\/wp\/v2\/comments?post=16832"}],"wp:featuredmedia":[{"embeddable":true,"href":"https:\/\/freizeit-technik.de\/pt-pt\/wp-json\/wp\/v2\/media\/16837"}],"wp:attachment":[{"href":"https:\/\/freizeit-technik.de\/pt-pt\/wp-json\/wp\/v2\/media?parent=16832"}],"wp:term":[{"taxonomy":"product_brand","embeddable":true,"href":"https:\/\/freizeit-technik.de\/pt-pt\/wp-json\/wp\/v2\/product_brand?post=16832"},{"taxonomy":"product_cat","embeddable":true,"href":"https:\/\/freizeit-technik.de\/pt-pt\/wp-json\/wp\/v2\/product_cat?post=16832"},{"taxonomy":"product_tag","embeddable":true,"href":"https:\/\/freizeit-technik.de\/pt-pt\/wp-json\/wp\/v2\/product_tag?post=16832"}],"curies":[{"name":"wp","href":"https:\/\/api.w.org\/{rel}","templated":true}]}}