{"id":16864,"date":"2017-07-31T15:52:30","date_gmt":"2017-07-31T13:52:30","guid":{"rendered":"https:\/\/freizeit-technik.de\/shop\/delta-petzl\/"},"modified":"2026-05-11T11:16:08","modified_gmt":"2026-05-11T09:16:08","slug":"delta-petzl","status":"publish","type":"product","link":"https:\/\/freizeit-technik.de\/pt-pt\/shop\/delta-petzl\/","title":{"rendered":"DELTA &#8220;Petzl&#8221;"},"content":{"rendered":"<p><span class=\"tx-ttproducts-pi1-wrap2\"><strong>&#8211; Material: A\u00e7o<br \/>\n&#8211; Certifica\u00e7\u00e3o(\u00f5es): CE EN 362 tipo Q<\/strong><\/span><\/p>\n<p>Di\u00e2metro: 8 mm<br \/>\nCor: preto<br \/>\nPeso: 95 g<br \/>\nCarga de rotura longitudinal: 25 kN<br \/>\nCarga de rotura transversal: 10 kN<br \/>\nAbertura: 10 mm<\/p>\n<p><strong> <img loading=\"lazy\" decoding=\"async\" class=\"alignnone size-full wp-image-684\" src=\"https:\/\/freizeit-technik.de\/wp-content\/uploads\/2017\/03\/Q_eu-1.gif\" alt=\"\" width=\"64\" height=\"64\"><img loading=\"lazy\" decoding=\"async\" class=\"alignnone size-full wp-image-694\" src=\"https:\/\/freizeit-technik.de\/wp-content\/uploads\/2017\/03\/premium_line.gif\" alt=\"\" width=\"119\" height=\"64\"><\/strong><\/p>\n","protected":false},"excerpt":{"rendered":"<p>Parafuso de corrente com manilha dispon\u00edvel em preto.<br \/>\nAperta com uma chave inglesa.<\/p>\n<p>Mosquet\u00e3o de alta qualidade com a qualidade comprovada da Petzl.<\/p>\n","protected":false},"featured_media":16867,"comment_status":"open","ping_status":"closed","template":"","meta":{"_acf_changed":false},"product_brand":[],"product_cat":[231],"product_tag":[],"class_list":{"0":"post-16864","1":"product","2":"type-product","3":"status-publish","4":"has-post-thumbnail","6":"product_cat-mosquetao-co","8":"first","9":"instock","10":"taxable","11":"shipping-taxable","12":"purchasable","13":"product-type-simple"},"acf":[],"_links":{"self":[{"href":"https:\/\/freizeit-technik.de\/pt-pt\/wp-json\/wp\/v2\/product\/16864","targetHints":{"allow":["GET"]}}],"collection":[{"href":"https:\/\/freizeit-technik.de\/pt-pt\/wp-json\/wp\/v2\/product"}],"about":[{"href":"https:\/\/freizeit-technik.de\/pt-pt\/wp-json\/wp\/v2\/types\/product"}],"replies":[{"embeddable":true,"href":"https:\/\/freizeit-technik.de\/pt-pt\/wp-json\/wp\/v2\/comments?post=16864"}],"wp:featuredmedia":[{"embeddable":true,"href":"https:\/\/freizeit-technik.de\/pt-pt\/wp-json\/wp\/v2\/media\/16867"}],"wp:attachment":[{"href":"https:\/\/freizeit-technik.de\/pt-pt\/wp-json\/wp\/v2\/media?parent=16864"}],"wp:term":[{"taxonomy":"product_brand","embeddable":true,"href":"https:\/\/freizeit-technik.de\/pt-pt\/wp-json\/wp\/v2\/product_brand?post=16864"},{"taxonomy":"product_cat","embeddable":true,"href":"https:\/\/freizeit-technik.de\/pt-pt\/wp-json\/wp\/v2\/product_cat?post=16864"},{"taxonomy":"product_tag","embeddable":true,"href":"https:\/\/freizeit-technik.de\/pt-pt\/wp-json\/wp\/v2\/product_tag?post=16864"}],"curies":[{"name":"wp","href":"https:\/\/api.w.org\/{rel}","templated":true}]}}