{"id":16866,"date":"2017-08-01T16:07:15","date_gmt":"2017-08-01T14:07:15","guid":{"rendered":"https:\/\/freizeit-technik.de\/?post_type=product&#038;p=16866"},"modified":"2026-05-11T11:15:51","modified_gmt":"2026-05-11T09:15:51","slug":"polia-intermedia-em-aco-inoxidavel","status":"publish","type":"product","link":"https:\/\/freizeit-technik.de\/pt-pt\/shop\/polia-intermedia-em-aco-inoxidavel\/","title":{"rendered":"Polia interm\u00e9dia em a\u00e7o inoxid\u00e1vel"},"content":{"rendered":"<p><span class=\"tx-ttproducts-pi1-wrap2\"><strong>Peso: 0,140 kg<br \/>\n<\/strong><\/span><span class=\"tx-ttproducts-pi1-wrap2\"><strong>Cor: prata<\/strong><\/span><span class=\"tx-ttproducts-pi1-wrap2\"><strong><br \/>\nFor\u00e7a de tra\u00e7\u00e3o: 22 kN<br \/>\nCertifica\u00e7\u00e3o: EN 12278<\/strong><\/span><\/p>\n<p><img loading=\"lazy\" decoding=\"async\" class=\"alignnone size-full wp-image-688\" src=\"https:\/\/freizeit-technik.de\/wp-content\/uploads\/2017\/03\/Q_asia-1.gif\" alt=\"\" width=\"64\" height=\"64\"><img loading=\"lazy\" decoding=\"async\" class=\"alignnone size-full wp-image-694\" src=\"https:\/\/freizeit-technik.de\/wp-content\/uploads\/2017\/03\/premium_line.gif\" alt=\"\" width=\"119\" height=\"64\"><\/p>\n","protected":false},"excerpt":{"rendered":"<p><span class=\"tx-ttproducts-pi1-wrap2\">Polia de retorno com rolamento de esferas e barra de seguran\u00e7a em a\u00e7o inoxid\u00e1vel. Elevada resist\u00eancia dos pontos de suspens\u00e3o para cargas particularmente pesadas. <\/span><\/p>\n","protected":false},"featured_media":16868,"comment_status":"open","ping_status":"closed","template":"","meta":{"_acf_changed":false},"product_brand":[],"product_cat":[231],"product_tag":[],"class_list":{"0":"post-16866","1":"product","2":"type-product","3":"status-publish","4":"has-post-thumbnail","6":"product_cat-mosquetao-co","8":"first","9":"instock","10":"taxable","11":"shipping-taxable","12":"purchasable","13":"product-type-simple"},"acf":[],"_links":{"self":[{"href":"https:\/\/freizeit-technik.de\/pt-pt\/wp-json\/wp\/v2\/product\/16866","targetHints":{"allow":["GET"]}}],"collection":[{"href":"https:\/\/freizeit-technik.de\/pt-pt\/wp-json\/wp\/v2\/product"}],"about":[{"href":"https:\/\/freizeit-technik.de\/pt-pt\/wp-json\/wp\/v2\/types\/product"}],"replies":[{"embeddable":true,"href":"https:\/\/freizeit-technik.de\/pt-pt\/wp-json\/wp\/v2\/comments?post=16866"}],"wp:featuredmedia":[{"embeddable":true,"href":"https:\/\/freizeit-technik.de\/pt-pt\/wp-json\/wp\/v2\/media\/16868"}],"wp:attachment":[{"href":"https:\/\/freizeit-technik.de\/pt-pt\/wp-json\/wp\/v2\/media?parent=16866"}],"wp:term":[{"taxonomy":"product_brand","embeddable":true,"href":"https:\/\/freizeit-technik.de\/pt-pt\/wp-json\/wp\/v2\/product_brand?post=16866"},{"taxonomy":"product_cat","embeddable":true,"href":"https:\/\/freizeit-technik.de\/pt-pt\/wp-json\/wp\/v2\/product_cat?post=16866"},{"taxonomy":"product_tag","embeddable":true,"href":"https:\/\/freizeit-technik.de\/pt-pt\/wp-json\/wp\/v2\/product_tag?post=16866"}],"curies":[{"name":"wp","href":"https:\/\/api.w.org\/{rel}","templated":true}]}}