{"id":16888,"date":"2017-08-03T14:19:03","date_gmt":"2017-08-03T12:19:03","guid":{"rendered":"https:\/\/freizeit-technik.de\/shop\/elastiks-de-expansao-tipo-1-10-kg-a-metro\/"},"modified":"2026-05-11T11:16:03","modified_gmt":"2026-05-11T09:16:03","slug":"elastiks-de-expansao-tipo-1-10-kg-a-metro","status":"publish","type":"product","link":"https:\/\/freizeit-technik.de\/pt-pt\/shop\/elastiks-de-expansao-tipo-1-10-kg-a-metro\/","title":{"rendered":"Elastiks de expans\u00e3o tipo 1, 10 kg, a metro"},"content":{"rendered":"<div id=\"tab_fragment_1\" class=\"ui-tabs-panel ui-widget-content ui-corner-bottom ui-tabs-hide\"><span class=\"tx-ttproducts-pi1-wrap2\"><strong>Para peso: aprox. 10 kg (peso do saltador quando utilizado em ambos os lados)<br \/>\nCor: preto-vermelho<br \/>\nComprimento do rolo: 100 m<br \/>\nDin\u00e2mica de salto: +++<br \/>\nDurabilidade: +++<br \/>\nSeguran\u00e7a: ++++<\/strong><\/span><\/div>\n","protected":false},"excerpt":{"rendered":"<p>Corda de borracha de 10 mm com bainha simples preta e vermelha. O entran\u00e7ado especial \u00e9 particularmente macio, dificilmente se move durante o funcionamento e permite bons valores de estiramento gra\u00e7as ao ajuste solto. Gra\u00e7as \u00e0 bainha \u00fanica, estes el\u00e1sticos podem ser oferecidos a pre\u00e7os vantajosos.  <\/p>\n<p class=\"bodytext\"><strong>Por favor, introduz o n\u00famero desejado de metros corridos no campo de encomenda.<br \/>\nComprimento do rolo = 100m<\/strong><\/p>\n<p class=\"bodytext\">Se o comprimento desejado do cord\u00e3o de borracha for diferente do comprimento do rolo especificado, cobraremos uma sobretaxa de personaliza\u00e7\u00e3o de 7,50 euros l\u00edquidos.<\/p>\n","protected":false},"featured_media":16893,"comment_status":"open","ping_status":"closed","template":"","meta":{"_acf_changed":false},"product_brand":[],"product_cat":[244,246],"product_tag":[],"class_list":{"0":"post-16888","1":"product","2":"type-product","3":"status-publish","4":"has-post-thumbnail","6":"product_cat-elasticos-e-cordas","7":"product_cat-faz-tu-mesmo","9":"first","10":"instock","11":"taxable","12":"shipping-taxable","13":"purchasable","14":"product-type-simple"},"acf":[],"_links":{"self":[{"href":"https:\/\/freizeit-technik.de\/pt-pt\/wp-json\/wp\/v2\/product\/16888","targetHints":{"allow":["GET"]}}],"collection":[{"href":"https:\/\/freizeit-technik.de\/pt-pt\/wp-json\/wp\/v2\/product"}],"about":[{"href":"https:\/\/freizeit-technik.de\/pt-pt\/wp-json\/wp\/v2\/types\/product"}],"replies":[{"embeddable":true,"href":"https:\/\/freizeit-technik.de\/pt-pt\/wp-json\/wp\/v2\/comments?post=16888"}],"wp:featuredmedia":[{"embeddable":true,"href":"https:\/\/freizeit-technik.de\/pt-pt\/wp-json\/wp\/v2\/media\/16893"}],"wp:attachment":[{"href":"https:\/\/freizeit-technik.de\/pt-pt\/wp-json\/wp\/v2\/media?parent=16888"}],"wp:term":[{"taxonomy":"product_brand","embeddable":true,"href":"https:\/\/freizeit-technik.de\/pt-pt\/wp-json\/wp\/v2\/product_brand?post=16888"},{"taxonomy":"product_cat","embeddable":true,"href":"https:\/\/freizeit-technik.de\/pt-pt\/wp-json\/wp\/v2\/product_cat?post=16888"},{"taxonomy":"product_tag","embeddable":true,"href":"https:\/\/freizeit-technik.de\/pt-pt\/wp-json\/wp\/v2\/product_tag?post=16888"}],"curies":[{"name":"wp","href":"https:\/\/api.w.org\/{rel}","templated":true}]}}