{"id":16950,"date":"2017-08-15T13:13:33","date_gmt":"2017-08-15T11:13:33","guid":{"rendered":"https:\/\/freizeit-technik.de\/?post_type=product&#038;p=16950"},"modified":"2026-05-11T11:16:30","modified_gmt":"2026-05-11T09:16:30","slug":"painel-de-controlo-tea-he-200-conjunto-completo-7-nucleos","status":"publish","type":"product","link":"https:\/\/freizeit-technik.de\/pt-pt\/shop\/painel-de-controlo-tea-he-200-conjunto-completo-7-nucleos\/","title":{"rendered":"Painel de controlo TEA HE 200 conjunto completo 7 n\u00facleos"},"content":{"rendered":"","protected":false},"excerpt":{"rendered":"<div id=\"tab_fragment_0\" class=\"ui-tabs-panel ui-widget-content ui-corner-bottom\">\n<div>\n<p>Conjunto completo do painel de controlo TEA HE 200.<br \/>\nPara guinchos de cabo TEA HE 200 com 2 suportes de desbloqueio e 2 micro-interruptores.<br \/>\n<strong>Liga, aparafusa e come\u00e7a a trabalhar!<\/strong><br \/>\nN\u00e3o \u00e9 necess\u00e1rio mais trabalho de cablagem.<\/p>\n<p><strong>Inclui: <\/strong><br \/>\n&#8211; Cabo de alimenta\u00e7\u00e3o de 15 mm com 7 fios, 3 m de comprimento<br \/>\n&#8211; 2 micro-interruptores (n.\u00ba 53) com placa de reten\u00e7\u00e3o (n.\u00ba 55)<br \/>\n&#8211; Ficha el\u00e9ctrica (n.\u00ba 54)<br \/>\n&#8211; Tampa de prote\u00e7\u00e3o (n.\u00ba 51)<\/p>\n<\/div>\n<\/div>\n","protected":false},"featured_media":16951,"comment_status":"open","ping_status":"closed","template":"","meta":{"_acf_changed":false},"product_brand":[],"product_cat":[353,221],"product_tag":[],"class_list":{"0":"post-16950","1":"product","2":"type-product","3":"status-publish","4":"has-post-thumbnail","6":"product_cat-guinchos-de-cabo","7":"product_cat-instalacoes-de-trampolins-de-bungee","9":"first","10":"instock","11":"taxable","12":"shipping-taxable","13":"purchasable","14":"product-type-simple"},"acf":[],"_links":{"self":[{"href":"https:\/\/freizeit-technik.de\/pt-pt\/wp-json\/wp\/v2\/product\/16950","targetHints":{"allow":["GET"]}}],"collection":[{"href":"https:\/\/freizeit-technik.de\/pt-pt\/wp-json\/wp\/v2\/product"}],"about":[{"href":"https:\/\/freizeit-technik.de\/pt-pt\/wp-json\/wp\/v2\/types\/product"}],"replies":[{"embeddable":true,"href":"https:\/\/freizeit-technik.de\/pt-pt\/wp-json\/wp\/v2\/comments?post=16950"}],"wp:featuredmedia":[{"embeddable":true,"href":"https:\/\/freizeit-technik.de\/pt-pt\/wp-json\/wp\/v2\/media\/16951"}],"wp:attachment":[{"href":"https:\/\/freizeit-technik.de\/pt-pt\/wp-json\/wp\/v2\/media?parent=16950"}],"wp:term":[{"taxonomy":"product_brand","embeddable":true,"href":"https:\/\/freizeit-technik.de\/pt-pt\/wp-json\/wp\/v2\/product_brand?post=16950"},{"taxonomy":"product_cat","embeddable":true,"href":"https:\/\/freizeit-technik.de\/pt-pt\/wp-json\/wp\/v2\/product_cat?post=16950"},{"taxonomy":"product_tag","embeddable":true,"href":"https:\/\/freizeit-technik.de\/pt-pt\/wp-json\/wp\/v2\/product_tag?post=16950"}],"curies":[{"name":"wp","href":"https:\/\/api.w.org\/{rel}","templated":true}]}}