{"id":17114,"date":"2017-08-02T15:01:04","date_gmt":"2017-08-02T13:01:04","guid":{"rendered":"https:\/\/freizeit-technik.de\/shop\/elastiks-de-expansao-tipo-1-15-kg-a-metro\/"},"modified":"2026-05-12T10:20:59","modified_gmt":"2026-05-12T08:20:59","slug":"elastiks-de-expansao-tipo-1-15-kg-a-metro","status":"publish","type":"product","link":"https:\/\/freizeit-technik.de\/pt-pt\/shop\/elastiks-de-expansao-tipo-1-15-kg-a-metro\/","title":{"rendered":"Elastiks de expans\u00e3o tipo 1, 15 kg, a metro"},"content":{"rendered":"<p><strong>Para peso: aprox. 15 kg (peso do saltador quando utilizado em ambos os lados)<br \/>\nCor: preto e branco<br \/>\nComprimento do rolo: 100 m<br \/>\nDin\u00e2mica de salto: +++<br \/>\nDurabilidade: +++<br \/>\nSeguran\u00e7a: ++++<\/strong><\/p>\n","protected":false},"excerpt":{"rendered":"<p><span class=\"tx-ttproducts-pi1-wrap2\">Corda de borracha de 12 mm com cobertura simples preta e branca. A tran\u00e7a especial \u00e9 particularmente macia, quase n\u00e3o se move durante o funcionamento e permite bons valores de estiramento gra\u00e7as ao ajuste solto. A cobertura \u00fanica significa que estes el\u00e1sticos podem ser oferecidos a pre\u00e7os favor\u00e1veis.  <\/span><\/p>\n<p class=\"bodytext\"><strong>Por favor, introduz o n\u00famero desejado de metros corridos no campo de encomenda.<br \/>\nComprimento do rolo = 100m<\/strong><\/p>\n<p class=\"bodytext\">Se o comprimento desejado do cord\u00e3o de borracha for diferente do comprimento do rolo especificado, cobraremos uma sobretaxa de personaliza\u00e7\u00e3o de 7,50 euros l\u00edquidos.<\/p>\n","protected":false},"featured_media":17115,"comment_status":"open","ping_status":"closed","template":"","meta":{"_acf_changed":false},"product_brand":[],"product_cat":[349,244,246],"product_tag":[],"class_list":{"0":"post-17114","1":"product","2":"type-product","3":"status-publish","4":"has-post-thumbnail","6":"product_cat-cordas-de-borracha","7":"product_cat-elasticos-e-cordas","8":"product_cat-faz-tu-mesmo","10":"first","11":"instock","12":"taxable","13":"shipping-taxable","14":"purchasable","15":"product-type-simple"},"acf":[],"_links":{"self":[{"href":"https:\/\/freizeit-technik.de\/pt-pt\/wp-json\/wp\/v2\/product\/17114","targetHints":{"allow":["GET"]}}],"collection":[{"href":"https:\/\/freizeit-technik.de\/pt-pt\/wp-json\/wp\/v2\/product"}],"about":[{"href":"https:\/\/freizeit-technik.de\/pt-pt\/wp-json\/wp\/v2\/types\/product"}],"replies":[{"embeddable":true,"href":"https:\/\/freizeit-technik.de\/pt-pt\/wp-json\/wp\/v2\/comments?post=17114"}],"wp:featuredmedia":[{"embeddable":true,"href":"https:\/\/freizeit-technik.de\/pt-pt\/wp-json\/wp\/v2\/media\/17115"}],"wp:attachment":[{"href":"https:\/\/freizeit-technik.de\/pt-pt\/wp-json\/wp\/v2\/media?parent=17114"}],"wp:term":[{"taxonomy":"product_brand","embeddable":true,"href":"https:\/\/freizeit-technik.de\/pt-pt\/wp-json\/wp\/v2\/product_brand?post=17114"},{"taxonomy":"product_cat","embeddable":true,"href":"https:\/\/freizeit-technik.de\/pt-pt\/wp-json\/wp\/v2\/product_cat?post=17114"},{"taxonomy":"product_tag","embeddable":true,"href":"https:\/\/freizeit-technik.de\/pt-pt\/wp-json\/wp\/v2\/product_tag?post=17114"}],"curies":[{"name":"wp","href":"https:\/\/api.w.org\/{rel}","templated":true}]}}