{"id":17127,"date":"2017-08-17T16:19:40","date_gmt":"2017-08-17T14:19:40","guid":{"rendered":"https:\/\/freizeit-technik.de\/shop\/tea-he-200-guincho-de-cabo-para-sistemas-de-trampolim-bungee\/"},"modified":"2026-05-12T10:21:55","modified_gmt":"2026-05-12T08:21:55","slug":"tea-he-200-guincho-de-cabo-para-sistemas-de-trampolim-bungee","status":"publish","type":"product","link":"https:\/\/freizeit-technik.de\/pt-pt\/shop\/tea-he-200-guincho-de-cabo-para-sistemas-de-trampolim-bungee\/","title":{"rendered":"TEA HE 200 guincho de cabo para sistemas de trampolim bungee"},"content":{"rendered":"<p><span class=\"tx-ttproducts-pi1-wrap2\"><strong>Tens\u00e3o: 220 V<br \/>\nFrequ\u00eancia: 50 Hz<br \/>\nConsumo de energia: 750 W<br \/>\nPeso sem corda: 31,5 kg<br \/>\nTamanho da embalagem: 69 x 21 x 35 cm<\/strong><\/span><\/p>\n","protected":false},"excerpt":{"rendered":"<p><span class=\"tx-ttproducts-pi1-wrap2\">Guincho de cabo robusto que \u00e9 utilizado em muitos sistemas de trampolins de el\u00e1stico em todo o mundo.<br \/>\nEste guincho de cabo funciona de forma muito fi\u00e1vel e tem dado provas ao longo de muitos anos.<br \/>\n<strong>Para 2026<\/strong>, a cobertura em PVC preto foi substitu\u00edda por uma cobertura met\u00e1lica robusta. A unidade de controlo manual foi personalizada.<br \/>\nTodas as pe\u00e7as sobresselentes est\u00e3o geralmente dispon\u00edveis de forma r\u00e1pida e fi\u00e1vel. <\/span><\/p>\n<p><span class=\"tx-ttproducts-pi1-wrap2\">Os guinchos s\u00e3o fornecidos de s\u00e9rie sem cabo de guincho.<br \/>\nSe necessitar de um cabo de guincho, seleciona a vers\u00e3o com cabo de guincho no menu de sele\u00e7\u00e3o.<\/span><\/p>\n","protected":false},"featured_media":17128,"comment_status":"open","ping_status":"closed","template":"","meta":{"_acf_changed":false},"product_brand":[],"product_cat":[353,221],"product_tag":[],"class_list":{"0":"post-17127","1":"product","2":"type-product","3":"status-publish","4":"has-post-thumbnail","6":"product_cat-guinchos-de-cabo","7":"product_cat-instalacoes-de-trampolins-de-bungee","9":"first","10":"instock","11":"taxable","12":"shipping-taxable","13":"purchasable","14":"product-type-variable"},"acf":[],"_links":{"self":[{"href":"https:\/\/freizeit-technik.de\/pt-pt\/wp-json\/wp\/v2\/product\/17127","targetHints":{"allow":["GET"]}}],"collection":[{"href":"https:\/\/freizeit-technik.de\/pt-pt\/wp-json\/wp\/v2\/product"}],"about":[{"href":"https:\/\/freizeit-technik.de\/pt-pt\/wp-json\/wp\/v2\/types\/product"}],"replies":[{"embeddable":true,"href":"https:\/\/freizeit-technik.de\/pt-pt\/wp-json\/wp\/v2\/comments?post=17127"}],"wp:featuredmedia":[{"embeddable":true,"href":"https:\/\/freizeit-technik.de\/pt-pt\/wp-json\/wp\/v2\/media\/17128"}],"wp:attachment":[{"href":"https:\/\/freizeit-technik.de\/pt-pt\/wp-json\/wp\/v2\/media?parent=17127"}],"wp:term":[{"taxonomy":"product_brand","embeddable":true,"href":"https:\/\/freizeit-technik.de\/pt-pt\/wp-json\/wp\/v2\/product_brand?post=17127"},{"taxonomy":"product_cat","embeddable":true,"href":"https:\/\/freizeit-technik.de\/pt-pt\/wp-json\/wp\/v2\/product_cat?post=17127"},{"taxonomy":"product_tag","embeddable":true,"href":"https:\/\/freizeit-technik.de\/pt-pt\/wp-json\/wp\/v2\/product_tag?post=17127"}],"curies":[{"name":"wp","href":"https:\/\/api.w.org\/{rel}","templated":true}]}}