{"id":17181,"date":"2017-08-16T16:25:04","date_gmt":"2017-08-16T14:25:04","guid":{"rendered":"https:\/\/freizeit-technik.de\/shop\/guincho-de-cabo-tea-tt-200\/"},"modified":"2026-05-12T10:22:31","modified_gmt":"2026-05-12T08:22:31","slug":"guincho-de-cabo-tea-tt-200","status":"publish","type":"product","link":"https:\/\/freizeit-technik.de\/pt-pt\/shop\/guincho-de-cabo-tea-tt-200\/","title":{"rendered":"Guincho de cabo TEA TT 200"},"content":{"rendered":"<p><span class=\"tx-ttproducts-pi1-wrap2\"><strong>Tens\u00e3o: 220 V<br \/>\nFrequ\u00eancia: 50 Hz<br \/>\nConsumo de energia: 370 W<br \/>\nPeso sem corda: 16 kg<br \/>\nTamanho da embalagem: 40 x 14 x 28 cm<\/strong><\/span><\/p>\n<p>&nbsp;<\/p>\n","protected":false},"excerpt":{"rendered":"<p>Guincho de cabo econ\u00f3mico e de boa qualidade que provou o seu valor principalmente no sector semi-profissional e privado. Para uma utiliza\u00e7\u00e3o comercial cont\u00ednua, recomendamos-te um guincho de cabo TEA HE 200. <\/p>\n<p class=\"bodytext\">Os guinchos de cabo s\u00e3o fornecidos sem um cabo de tra\u00e7\u00e3o como padr\u00e3o. Se necessitares de um, encomenda-o separadamente <\/p>\n","protected":false},"featured_media":17182,"comment_status":"open","ping_status":"closed","template":"","meta":{"_acf_changed":false},"product_brand":[],"product_cat":[353,221],"product_tag":[],"class_list":{"0":"post-17181","1":"product","2":"type-product","3":"status-publish","4":"has-post-thumbnail","6":"product_cat-guinchos-de-cabo","7":"product_cat-instalacoes-de-trampolins-de-bungee","9":"first","10":"instock","11":"taxable","12":"shipping-taxable","13":"purchasable","14":"product-type-simple"},"acf":[],"_links":{"self":[{"href":"https:\/\/freizeit-technik.de\/pt-pt\/wp-json\/wp\/v2\/product\/17181","targetHints":{"allow":["GET"]}}],"collection":[{"href":"https:\/\/freizeit-technik.de\/pt-pt\/wp-json\/wp\/v2\/product"}],"about":[{"href":"https:\/\/freizeit-technik.de\/pt-pt\/wp-json\/wp\/v2\/types\/product"}],"replies":[{"embeddable":true,"href":"https:\/\/freizeit-technik.de\/pt-pt\/wp-json\/wp\/v2\/comments?post=17181"}],"wp:featuredmedia":[{"embeddable":true,"href":"https:\/\/freizeit-technik.de\/pt-pt\/wp-json\/wp\/v2\/media\/17182"}],"wp:attachment":[{"href":"https:\/\/freizeit-technik.de\/pt-pt\/wp-json\/wp\/v2\/media?parent=17181"}],"wp:term":[{"taxonomy":"product_brand","embeddable":true,"href":"https:\/\/freizeit-technik.de\/pt-pt\/wp-json\/wp\/v2\/product_brand?post=17181"},{"taxonomy":"product_cat","embeddable":true,"href":"https:\/\/freizeit-technik.de\/pt-pt\/wp-json\/wp\/v2\/product_cat?post=17181"},{"taxonomy":"product_tag","embeddable":true,"href":"https:\/\/freizeit-technik.de\/pt-pt\/wp-json\/wp\/v2\/product_tag?post=17181"}],"curies":[{"name":"wp","href":"https:\/\/api.w.org\/{rel}","templated":true}]}}