{"id":17283,"date":"2017-06-28T13:23:50","date_gmt":"2017-06-28T11:23:50","guid":{"rendered":"https:\/\/freizeit-technik.de\/shop\/tipo-1-expander-elastiks-15-kg-preto-e-branco\/"},"modified":"2026-05-15T12:04:50","modified_gmt":"2026-05-15T10:04:50","slug":"tipo-1-expander-elastiks-15-kg-preto-e-branco","status":"publish","type":"product","link":"https:\/\/freizeit-technik.de\/pt-pt\/shop\/tipo-1-expander-elastiks-15-kg-preto-e-branco\/","title":{"rendered":"Tipo 1 Expander Elastiks, 15 kg, preto e branco"},"content":{"rendered":"<p><strong><span class=\"tx-ttproducts-pi1-wrap2\">Para peso: aprox. 15 kg (peso do saltador quando utilizado em ambos os lados)<br \/>\nCor: preto e branco<br \/>\nDin\u00e2mica de salto: +++<br \/>\nDurabilidade: +++<br \/>\nSeguran\u00e7a: ++++<\/span><\/strong><\/p>\n","protected":false},"excerpt":{"rendered":"<p>Corda de borracha de 12 mm com cobertura simples preta e branca. A tran\u00e7a especial \u00e9 particularmente macia, quase n\u00e3o se move durante o funcionamento e permite bons valores de estiramento gra\u00e7as ao ajuste solto. A cobertura \u00fanica significa que estes el\u00e1sticos podem ser oferecidos a pre\u00e7os favor\u00e1veis.  <\/p>\n<p>Com la\u00e7os cosidos (la\u00e7os de cinta) <u>sem n\u00f3s<\/u> nas extremidades. Um ganho claro em termos de facilidade de utiliza\u00e7\u00e3o, uma vez que as cordas t\u00eam menos probabilidades de ficarem presas umas nas outras. <\/p>\n<p>Tamb\u00e9m est\u00e3o dispon\u00edveis elast\u00f3meros de todos os tipos e dimens\u00f5es a metro para auto-montagem.<\/p>\n","protected":false},"featured_media":17284,"comment_status":"open","ping_status":"closed","template":"","meta":{"_acf_changed":false},"product_brand":[],"product_cat":[244,245],"product_tag":[],"class_list":{"0":"post-17283","1":"product","2":"type-product","3":"status-publish","4":"has-post-thumbnail","6":"product_cat-elasticos-e-cordas","7":"product_cat-elasticos-prontos-a-usar","9":"first","10":"instock","11":"taxable","12":"shipping-taxable","13":"purchasable","14":"product-type-variable"},"acf":[],"_links":{"self":[{"href":"https:\/\/freizeit-technik.de\/pt-pt\/wp-json\/wp\/v2\/product\/17283","targetHints":{"allow":["GET"]}}],"collection":[{"href":"https:\/\/freizeit-technik.de\/pt-pt\/wp-json\/wp\/v2\/product"}],"about":[{"href":"https:\/\/freizeit-technik.de\/pt-pt\/wp-json\/wp\/v2\/types\/product"}],"replies":[{"embeddable":true,"href":"https:\/\/freizeit-technik.de\/pt-pt\/wp-json\/wp\/v2\/comments?post=17283"}],"wp:featuredmedia":[{"embeddable":true,"href":"https:\/\/freizeit-technik.de\/pt-pt\/wp-json\/wp\/v2\/media\/17284"}],"wp:attachment":[{"href":"https:\/\/freizeit-technik.de\/pt-pt\/wp-json\/wp\/v2\/media?parent=17283"}],"wp:term":[{"taxonomy":"product_brand","embeddable":true,"href":"https:\/\/freizeit-technik.de\/pt-pt\/wp-json\/wp\/v2\/product_brand?post=17283"},{"taxonomy":"product_cat","embeddable":true,"href":"https:\/\/freizeit-technik.de\/pt-pt\/wp-json\/wp\/v2\/product_cat?post=17283"},{"taxonomy":"product_tag","embeddable":true,"href":"https:\/\/freizeit-technik.de\/pt-pt\/wp-json\/wp\/v2\/product_tag?post=17283"}],"curies":[{"name":"wp","href":"https:\/\/api.w.org\/{rel}","templated":true}]}}