{"id":17443,"date":"2017-07-18T14:07:23","date_gmt":"2017-07-18T12:07:23","guid":{"rendered":"https:\/\/freizeit-technik.de\/?post_type=product&#038;p=17443"},"modified":"2026-05-15T12:05:39","modified_gmt":"2026-05-15T10:05:39","slug":"elasticos-de-latex-tipo-4-25-kg-a-metro-rolos-de-10-m","status":"publish","type":"product","link":"https:\/\/freizeit-technik.de\/pt-pt\/shop\/elasticos-de-latex-tipo-4-25-kg-a-metro-rolos-de-10-m\/","title":{"rendered":"El\u00e1sticos de l\u00e1tex tipo 4, 2,5 kg, a metro, rolos de 10 m"},"content":{"rendered":"<p><span class=\"tx-ttproducts-pi1-wrap2\"><strong>Para o peso: individual aprox. 2,5 kg <\/strong>(peso do saltador quando utilizado em ambos os lados)<br \/>\n<strong>Cor: verde<br \/>\nComprimento do rolo: 10m<br \/>\nTemperatura m\u00ednima de funcionamento: +5\u00b0C<br \/>\nDin\u00e2mica de salto: +++++<br \/>\nDurabilidade: ++<br \/>\nSeguran\u00e7a: +<\/strong><\/span><\/p>\n<p><img loading=\"lazy\" decoding=\"async\" class=\"size-full wp-image-511 alignleft\" src=\"https:\/\/freizeit-technik.de\/wp-content\/uploads\/2017\/03\/Q_asia.jpg\" alt=\"\" width=\"64\" height=\"64\"><\/p>\n","protected":false},"excerpt":{"rendered":"<p><span class=\"tx-ttproducts-pi1-wrap2\">El\u00e1sticos de l\u00e1tex de alta qualidade com uma elasticidade de cerca de 700 %, muito homog\u00e9neos na sa\u00edda de for\u00e7a para alturas de salto m\u00e1ximas.  <\/span><\/p>\n<p><strong>Introduz o n\u00famero de metros de corrida que pretendes no campo de encomenda.<\/strong><\/p>\n<p>As mangueiras de l\u00e1tex s\u00e3o fornecidas em diferentes comprimentos de rolo por raz\u00f5es de produ\u00e7\u00e3o. Tentamos corresponder o mais poss\u00edvel \u00e0 quantidade que pretendes encomendar, mas podemos arredondar a quantidade em alguns metros corridos, dependendo da disponibilidade. <\/p>\n<p><strong><img loading=\"lazy\" decoding=\"async\" src=\"http:\/\/shop.freizeit-technik.de\/images\/content\/hinweis.jpg\" alt=\"\" width=\"24\" height=\"16\">  Nota importante<\/strong><\/p>\n<p>Tem em aten\u00e7\u00e3o que, na encomenda, uma pe\u00e7a corresponde a um metro de comprimento de corda.<\/p>\n<hr>\n<p>Nem mesmo os produtos pr\u00e9-fabricados s\u00e3o abrangidos pelo nosso certificado T\u00dcV!<br \/>\nAs mangueiras de l\u00e1tex n\u00e3o t\u00eam qualquer prote\u00e7\u00e3o adicional contra rasg\u00f5es repentinos devido \u00e0 aus\u00eancia de uma cobertura t\u00eaxtil. Durante o funcionamento, requerem uma inspe\u00e7\u00e3o constante e completa e devem ser substitu\u00eddas imediatamente aos primeiros sinais de desgaste. <\/p>\n","protected":false},"featured_media":17446,"comment_status":"open","ping_status":"closed","template":"","meta":{"_acf_changed":false},"product_brand":[],"product_cat":[244,246],"product_tag":[],"class_list":{"0":"post-17443","1":"product","2":"type-product","3":"status-publish","4":"has-post-thumbnail","6":"product_cat-elasticos-e-cordas","7":"product_cat-faz-tu-mesmo","9":"first","10":"instock","11":"taxable","12":"shipping-taxable","13":"purchasable","14":"product-type-simple"},"acf":[],"_links":{"self":[{"href":"https:\/\/freizeit-technik.de\/pt-pt\/wp-json\/wp\/v2\/product\/17443","targetHints":{"allow":["GET"]}}],"collection":[{"href":"https:\/\/freizeit-technik.de\/pt-pt\/wp-json\/wp\/v2\/product"}],"about":[{"href":"https:\/\/freizeit-technik.de\/pt-pt\/wp-json\/wp\/v2\/types\/product"}],"replies":[{"embeddable":true,"href":"https:\/\/freizeit-technik.de\/pt-pt\/wp-json\/wp\/v2\/comments?post=17443"}],"wp:featuredmedia":[{"embeddable":true,"href":"https:\/\/freizeit-technik.de\/pt-pt\/wp-json\/wp\/v2\/media\/17446"}],"wp:attachment":[{"href":"https:\/\/freizeit-technik.de\/pt-pt\/wp-json\/wp\/v2\/media?parent=17443"}],"wp:term":[{"taxonomy":"product_brand","embeddable":true,"href":"https:\/\/freizeit-technik.de\/pt-pt\/wp-json\/wp\/v2\/product_brand?post=17443"},{"taxonomy":"product_cat","embeddable":true,"href":"https:\/\/freizeit-technik.de\/pt-pt\/wp-json\/wp\/v2\/product_cat?post=17443"},{"taxonomy":"product_tag","embeddable":true,"href":"https:\/\/freizeit-technik.de\/pt-pt\/wp-json\/wp\/v2\/product_tag?post=17443"}],"curies":[{"name":"wp","href":"https:\/\/api.w.org\/{rel}","templated":true}]}}