{"id":17460,"date":"2017-07-19T14:40:36","date_gmt":"2017-07-19T12:40:36","guid":{"rendered":"https:\/\/freizeit-technik.de\/shop\/elastiks-de-expansao-tipo-3-20-kg-a-metro\/"},"modified":"2026-05-15T12:05:43","modified_gmt":"2026-05-15T10:05:43","slug":"elastiks-de-expansao-tipo-3-20-kg-a-metro","status":"publish","type":"product","link":"https:\/\/freizeit-technik.de\/pt-pt\/shop\/elastiks-de-expansao-tipo-3-20-kg-a-metro\/","title":{"rendered":"Elastiks de expans\u00e3o tipo 3, 20 kg, a metro"},"content":{"rendered":"<p><strong>Para o peso: aprox. 20 kg (peso do saltador quando utilizado em ambos os lados)<br \/>\nCor: verde-azul<br \/>\nComprimento do rolo: 75 m<br \/>\nDin\u00e2mica de salto: +++<br \/>\nDurabilidade: ++++<br \/>\nSeguran\u00e7a: ++++<\/strong><\/p>\n","protected":false},"excerpt":{"rendered":"<p>Corda de borracha de 12 mm com cobertura especial verde-azul. O entran\u00e7ado duplo \u00e9 extens\u00edvel na segunda camada e, por isso, quase n\u00e3o se move. Isto resulta numa vida \u00fatil compar\u00e1vel \u00e0 dos el\u00e1sticos &#8220;Tipo 2&#8221;. No entanto, os el\u00e1sticos &#8220;Tipo 3&#8221; mant\u00eam-se impec\u00e1veis durante muito mais tempo.   <\/p>\n<p class=\"bodytext\"><strong>Por favor, introduz o n\u00famero desejado de metros corridos no campo de encomenda.<br \/>\nComprimento do rolo = 75m<\/strong><\/p>\n<p class=\"bodytext\">Se o comprimento desejado do cord\u00e3o de borracha for diferente do comprimento do rolo especificado, cobraremos uma sobretaxa de personaliza\u00e7\u00e3o de 7,50 euros l\u00edquidos.<\/p>\n","protected":false},"featured_media":17461,"comment_status":"open","ping_status":"closed","template":"","meta":{"_acf_changed":false},"product_brand":[],"product_cat":[244,246],"product_tag":[],"class_list":{"0":"post-17460","1":"product","2":"type-product","3":"status-publish","4":"has-post-thumbnail","6":"product_cat-elasticos-e-cordas","7":"product_cat-faz-tu-mesmo","9":"first","10":"instock","11":"taxable","12":"shipping-taxable","13":"purchasable","14":"product-type-simple"},"acf":[],"_links":{"self":[{"href":"https:\/\/freizeit-technik.de\/pt-pt\/wp-json\/wp\/v2\/product\/17460","targetHints":{"allow":["GET"]}}],"collection":[{"href":"https:\/\/freizeit-technik.de\/pt-pt\/wp-json\/wp\/v2\/product"}],"about":[{"href":"https:\/\/freizeit-technik.de\/pt-pt\/wp-json\/wp\/v2\/types\/product"}],"replies":[{"embeddable":true,"href":"https:\/\/freizeit-technik.de\/pt-pt\/wp-json\/wp\/v2\/comments?post=17460"}],"wp:featuredmedia":[{"embeddable":true,"href":"https:\/\/freizeit-technik.de\/pt-pt\/wp-json\/wp\/v2\/media\/17461"}],"wp:attachment":[{"href":"https:\/\/freizeit-technik.de\/pt-pt\/wp-json\/wp\/v2\/media?parent=17460"}],"wp:term":[{"taxonomy":"product_brand","embeddable":true,"href":"https:\/\/freizeit-technik.de\/pt-pt\/wp-json\/wp\/v2\/product_brand?post=17460"},{"taxonomy":"product_cat","embeddable":true,"href":"https:\/\/freizeit-technik.de\/pt-pt\/wp-json\/wp\/v2\/product_cat?post=17460"},{"taxonomy":"product_tag","embeddable":true,"href":"https:\/\/freizeit-technik.de\/pt-pt\/wp-json\/wp\/v2\/product_tag?post=17460"}],"curies":[{"name":"wp","href":"https:\/\/api.w.org\/{rel}","templated":true}]}}