{"id":17487,"date":"2017-07-25T14:39:40","date_gmt":"2017-07-25T12:39:40","guid":{"rendered":"https:\/\/freizeit-technik.de\/shop\/elastiks-de-expansao-tipo-3-10-kg-a-metro\/"},"modified":"2026-05-15T12:06:02","modified_gmt":"2026-05-15T10:06:02","slug":"elastiks-de-expansao-tipo-3-10-kg-a-metro","status":"publish","type":"product","link":"https:\/\/freizeit-technik.de\/pt-pt\/shop\/elastiks-de-expansao-tipo-3-10-kg-a-metro\/","title":{"rendered":"Elastiks de expans\u00e3o tipo 3, 10 kg, a metro"},"content":{"rendered":"<p><strong>Para peso: aprox. 10 kg <\/strong>(peso do saltador quando utilizado em ambos os lados)<strong><br \/>\nCor: azul-verde<br \/>\nComprimento do rolo: 100 m<br \/>\nDin\u00e2mica de salto: +++<br \/>\nDurabilidade: ++++<br \/>\nSeguran\u00e7a: ++++<\/strong><\/p>\n<p><img loading=\"lazy\" decoding=\"async\" class=\"size-full wp-image-492 alignleft\" src=\"https:\/\/freizeit-technik.de\/wp-content\/uploads\/2017\/03\/Premium-Line.jpg\" alt=\"\" width=\"64\" height=\"64\"><img loading=\"lazy\" decoding=\"async\" class=\"size-full wp-image-429 alignleft\" src=\"https:\/\/freizeit-technik.de\/wp-content\/uploads\/2017\/02\/premium_line.gif\" alt=\"\" width=\"119\" height=\"64\"><\/p>\n","protected":false},"excerpt":{"rendered":"<p class=\"bodytext\">Corda de borracha de 9 mm com cobertura especial azul-verde. O entran\u00e7ado duplo \u00e9 extens\u00edvel na segunda camada e, por isso, quase n\u00e3o se move. Isto resulta numa vida \u00fatil compar\u00e1vel \u00e0 dos el\u00e1sticos &#8220;Tipo 2&#8221;. No entanto, os el\u00e1sticos &#8220;Tipo 3&#8221; mant\u00eam-se impec\u00e1veis durante muito mais tempo.   <\/p>\n<p class=\"bodytext\"><strong>Por favor, introduz o n\u00famero desejado de metros corridos no campo de encomenda.<br \/>\nComprimento do rolo = 100m<\/strong><\/p>\n<p class=\"bodytext\">Se o comprimento desejado do cord\u00e3o de borracha for diferente do comprimento do rolo especificado, cobraremos uma sobretaxa de personaliza\u00e7\u00e3o de 7,50 euros l\u00edquidos.<\/p>\n","protected":false},"featured_media":17489,"comment_status":"open","ping_status":"closed","template":"","meta":{"_acf_changed":false},"product_brand":[],"product_cat":[244,246],"product_tag":[],"class_list":{"0":"post-17487","1":"product","2":"type-product","3":"status-publish","4":"has-post-thumbnail","6":"product_cat-elasticos-e-cordas","7":"product_cat-faz-tu-mesmo","9":"first","10":"instock","11":"taxable","12":"shipping-taxable","13":"purchasable","14":"product-type-simple"},"acf":[],"_links":{"self":[{"href":"https:\/\/freizeit-technik.de\/pt-pt\/wp-json\/wp\/v2\/product\/17487","targetHints":{"allow":["GET"]}}],"collection":[{"href":"https:\/\/freizeit-technik.de\/pt-pt\/wp-json\/wp\/v2\/product"}],"about":[{"href":"https:\/\/freizeit-technik.de\/pt-pt\/wp-json\/wp\/v2\/types\/product"}],"replies":[{"embeddable":true,"href":"https:\/\/freizeit-technik.de\/pt-pt\/wp-json\/wp\/v2\/comments?post=17487"}],"wp:featuredmedia":[{"embeddable":true,"href":"https:\/\/freizeit-technik.de\/pt-pt\/wp-json\/wp\/v2\/media\/17489"}],"wp:attachment":[{"href":"https:\/\/freizeit-technik.de\/pt-pt\/wp-json\/wp\/v2\/media?parent=17487"}],"wp:term":[{"taxonomy":"product_brand","embeddable":true,"href":"https:\/\/freizeit-technik.de\/pt-pt\/wp-json\/wp\/v2\/product_brand?post=17487"},{"taxonomy":"product_cat","embeddable":true,"href":"https:\/\/freizeit-technik.de\/pt-pt\/wp-json\/wp\/v2\/product_cat?post=17487"},{"taxonomy":"product_tag","embeddable":true,"href":"https:\/\/freizeit-technik.de\/pt-pt\/wp-json\/wp\/v2\/product_tag?post=17487"}],"curies":[{"name":"wp","href":"https:\/\/api.w.org\/{rel}","templated":true}]}}