{"id":17493,"date":"2017-06-27T13:26:39","date_gmt":"2017-06-27T11:26:39","guid":{"rendered":"https:\/\/freizeit-technik.de\/shop\/tipo-2-expander-elastiks-10-kg\/"},"modified":"2026-05-15T12:06:03","modified_gmt":"2026-05-15T10:06:03","slug":"tipo-2-expander-elastiks-10-kg","status":"publish","type":"product","link":"https:\/\/freizeit-technik.de\/pt-pt\/shop\/tipo-2-expander-elastiks-10-kg\/","title":{"rendered":"Tipo 2 Expander Elastiks, 10 kg"},"content":{"rendered":"<p><strong><span class=\"tx-ttproducts-pi1-wrap2\">Para peso: aprox. 10 kg (peso do saltador quando utilizado em ambos os lados)<br \/>\nCor: preto ou preto-amarelo<br \/>\nDin\u00e2mica de salto: +++<br \/>\nDurabilidade: ++++<br \/>\nSeguran\u00e7a: ++++ <\/span><\/strong><\/p>\n","protected":false},"excerpt":{"rendered":"<p>Corda de borracha de 9 mm com cobertura dupla preta ou preta\/amarela.<br \/>\nO entran\u00e7ado duplo em combina\u00e7\u00e3o com um maior n\u00famero de fios interiores mais finos e pretos significa que estes el\u00e1sticos t\u00eam uma vida \u00fatil acima da m\u00e9dia.<br \/>\nA cobertura exterior \u00e9 muito solta. Como resultado, move-se com relativa for\u00e7a durante o funcionamento e, por vezes, infla. No entanto, a durabilidade destes el\u00e1sticos \u00e9 muito boa, uma vez que a bainha exterior fornece uma camada protetora adicional e os fios de l\u00e1tex interiores continuam a ser protegidos pela segunda bainha interior, muito macia. Estas cordas el\u00e1sticas oferecem uma excelente rela\u00e7\u00e3o pre\u00e7o\/desempenho e s\u00e3o uma escolha muito boa para os operadores que n\u00e3o se preocupam principalmente com uma bainha exterior perfeitamente ajustada.   <\/p>\n<p>Com la\u00e7os cosidos (la\u00e7os de cinta) <u>sem n\u00f3s<\/u> nas extremidades. Um ganho claro em termos de facilidade de utiliza\u00e7\u00e3o, uma vez que as cordas t\u00eam menos probabilidades de ficarem presas umas nas outras. <\/p>\n<p>Tamb\u00e9m est\u00e3o dispon\u00edveis elast\u00f3meros de todos os tipos e dimens\u00f5es a metro para auto-montagem.<\/p>\n","protected":false},"featured_media":17496,"comment_status":"open","ping_status":"closed","template":"","meta":{"_acf_changed":false},"product_brand":[],"product_cat":[244,245],"product_tag":[],"class_list":{"0":"post-17493","1":"product","2":"type-product","3":"status-publish","4":"has-post-thumbnail","6":"product_cat-elasticos-e-cordas","7":"product_cat-elasticos-prontos-a-usar","9":"first","10":"instock","11":"taxable","12":"shipping-taxable","13":"purchasable","14":"product-type-variable"},"acf":[],"_links":{"self":[{"href":"https:\/\/freizeit-technik.de\/pt-pt\/wp-json\/wp\/v2\/product\/17493","targetHints":{"allow":["GET"]}}],"collection":[{"href":"https:\/\/freizeit-technik.de\/pt-pt\/wp-json\/wp\/v2\/product"}],"about":[{"href":"https:\/\/freizeit-technik.de\/pt-pt\/wp-json\/wp\/v2\/types\/product"}],"replies":[{"embeddable":true,"href":"https:\/\/freizeit-technik.de\/pt-pt\/wp-json\/wp\/v2\/comments?post=17493"}],"wp:featuredmedia":[{"embeddable":true,"href":"https:\/\/freizeit-technik.de\/pt-pt\/wp-json\/wp\/v2\/media\/17496"}],"wp:attachment":[{"href":"https:\/\/freizeit-technik.de\/pt-pt\/wp-json\/wp\/v2\/media?parent=17493"}],"wp:term":[{"taxonomy":"product_brand","embeddable":true,"href":"https:\/\/freizeit-technik.de\/pt-pt\/wp-json\/wp\/v2\/product_brand?post=17493"},{"taxonomy":"product_cat","embeddable":true,"href":"https:\/\/freizeit-technik.de\/pt-pt\/wp-json\/wp\/v2\/product_cat?post=17493"},{"taxonomy":"product_tag","embeddable":true,"href":"https:\/\/freizeit-technik.de\/pt-pt\/wp-json\/wp\/v2\/product_tag?post=17493"}],"curies":[{"name":"wp","href":"https:\/\/api.w.org\/{rel}","templated":true}]}}