{"id":17551,"date":"2017-07-16T14:21:56","date_gmt":"2017-07-16T12:21:56","guid":{"rendered":"https:\/\/freizeit-technik.de\/shop\/elasticos-de-latex-tipo-4-10-kg-a-metro\/"},"modified":"2026-05-15T12:06:28","modified_gmt":"2026-05-15T10:06:28","slug":"elasticos-de-latex-tipo-4-10-kg-a-metro","status":"publish","type":"product","link":"https:\/\/freizeit-technik.de\/pt-pt\/shop\/elasticos-de-latex-tipo-4-10-kg-a-metro\/","title":{"rendered":"El\u00e1sticos de l\u00e1tex tipo 4, 10 kg, a metro"},"content":{"rendered":"<div id=\"tab_fragment_1\" class=\"ui-tabs-panel ui-widget-content ui-corner-bottom ui-tabs-hide\"><span class=\"tx-ttproducts-pi1-wrap2\"><strong>Para o peso: individual aprox. 10 kg (peso do saltador quando utilizado em ambos os lados)<br \/>\nCor: natural n\u00e3o colorido (bege) ou colorido<br \/>\nComprimento do rolo: vari\u00e1vel<br \/>\nTemperatura m\u00ednima de funcionamento: +5\u00b0C<br \/>\nDin\u00e2mica de salto: +++++<br \/>\nDurabilidade: ++<br \/>\nSeguran\u00e7a: +<\/strong><\/span><\/div>\n<p><span class=\"tx-ttproducts-pi1-wrap2\"><strong> <\/strong><\/span><\/p>\n<p>&nbsp;<\/p>\n","protected":false},"excerpt":{"rendered":"<p>Mangueiras de l\u00e1tex a metro para montagem autom\u00e1tica. Fabricadas com a m\u00e1xima qualidade, com uma capacidade de alongamento de cerca de 700 %, com uma sa\u00edda de for\u00e7a muito homog\u00e9nea para alturas de salto m\u00e1ximas. <\/p>\n<p><strong><span style=\"color: #000000;\">Em alternativa, na cor natural ou<\/span><span style=\"color: #ffcc00;\"><span style=\"color: #ff6600;\"> com revestimento protetor colorido<\/span><span style=\"color: #000000;\">.<\/span> <\/span><\/strong>O revestimento colorido oferece um certo grau de prote\u00e7\u00e3o contra influ\u00eancias ambientais e facilita a dete\u00e7\u00e3o de danos, especialmente microfissuras.<\/p>\n<p><span style=\"color: #000000;\"><strong>Explica\u00e7\u00e3o do menu de sele\u00e7\u00e3o &#8220;Qualidade e comprimento&#8221;:<\/strong><\/span><\/p>\n<p><strong>1\u00aa <span style=\"color: #000000;\"> op\u00e7\u00e3o: <span style=\"color: #ffcc00;\"><span style=\"color: #ff6600;\">com <\/span><\/span><\/span><span style=\"color: #ff6600;\">camada protetora colorida<\/span><span style=\"color: #000000;\">, o comprimento \u00e9 de 20m, 40m, 60m, etc. (pre\u00e7o mais favor\u00e1vel)<\/span><br \/>\n<\/strong>Introduz um valor divis\u00edvel por 20. Esta qualidade est\u00e1 sempre dispon\u00edvel a metro em rolos de exatamente 20m. Por conseguinte, receber\u00e1s pelo menos um ou v\u00e1rios rolos completos de 20 m.<br \/>\n<strong>Exemplo:<\/strong> &#8220;100&#8221;. Receber\u00e1s 5 rolos inteiros com exatamente 20 metros de comprimento. <\/p>\n<p><strong>2\u00aa <span style=\"color: #ffcc00;\"> <span style=\"color: #000000;\">op\u00e7\u00e3o: <\/span> <span style=\"color: #ff6600;\">com camada protetora colorida<\/span><\/span><span style=\"color: #000000;\">, quantidade desejada diferente (sobretaxa)<\/span><br \/>\n<\/strong>Introduzir um valor n\u00e3o divis\u00edvel por 20.<br \/>\n<strong>Exemplo:<\/strong> &#8220;36&#8221;. Recebe exatamente 20m + 16m. Isto leva a trabalho adicional, desperd\u00edcio e, por conseguinte, a uma sobretaxa.  <\/p>\n<p><strong>3\u00aa <span style=\"color: #000000;\">op\u00e7\u00e3o: cor natural, aproximadamente esta quantidade, tende a arredondar para baixo<\/span><br \/>\n<\/strong>Esta qualidade \u00e9 sempre produzida a metro em diferentes comprimentos de aprox. 29m a 39m.<br \/>\nSeleciona o comprimento desejado. Procuramos rolos adequados que correspondam o mais poss\u00edvel ao seu comprimento total, mas tendemos <strong>a<\/strong> ficar <strong>abaixo do valor pretendido = arredondar para baixo.<br \/>\n<\/strong><strong>Exemplo:<\/strong> Introduz &#8220;100&#8221;. Reunimos 96m em 31m + 33m + 32m (3 rolos inteiros).<br \/>\nConfirmamos a quantidade reunida para ti ap\u00f3s a encomenda, antes da expedi\u00e7\u00e3o.  <\/p>\n<p><strong> <\/strong><strong>4\u00aa <span style=\"color: #000000;\">op\u00e7\u00e3o: cores naturais, aproximadamente esta quantidade, tendem a arredondar para cima<\/span><br \/>\n<\/strong>Seleciona a quantidade desejada. Procuramos rolos adequados para corresponder o mais poss\u00edvel ao teu comprimento total, mas tendemos <strong>a<\/strong> ficar <strong>acima do teu valor pretendido = arredondar para cima<\/strong>.<br \/>\n<strong>Exemplo:<\/strong> Encomenda 100m. Junta 124m em 31m + 33m + 29m + 31m (4 rolos inteiros). <\/p>\n<p>Confirmaremos ent\u00e3o a quantidade que te ser\u00e1 atribu\u00edda ap\u00f3s a tua encomenda antes do envio.<\/p>\n<p><strong> <\/strong><strong>5\u00aa <span style=\"color: #000000;\">op\u00e7\u00e3o: cor natural, exatamente nesta quantidade (sobretaxa)<\/span><br \/>\n<\/strong> Desejas um comprimento total muito espec\u00edfico, que nos indiques com exatid\u00e3o. Ent\u00e3o escolhe esta 5\u00aa op\u00e7\u00e3o.<br \/>\n<strong>Exemplo:<\/strong> Encomenda 100m. Recebe 100m em 31m + 33m + 29m + 7m (rolo cortado). <\/p>\n<p><span style=\"color: #000000;\">Introduz<strong> o n\u00famero desejado de metros corridos <\/strong>no campo livre e<strong> depois seleciona uma variante<\/strong>.<\/span><\/p>\n<p><strong>Nota importante:<br \/>\n<\/strong>As duas mangueiras de l\u00e1tex n\u00e3o t\u00eam qualquer prote\u00e7\u00e3o adicional contra rasg\u00f5es repentinos devido \u00e0 falta de uma cobertura t\u00eaxtil. Durante o funcionamento, devem ser controladas de forma constante e cont\u00ednua e devem ser substitu\u00eddas imediatamente aos primeiros sinais de desgaste. <\/p>\n<p>Neste contexto, chama a aten\u00e7\u00e3o para os tempos de utiliza\u00e7\u00e3o m\u00e1ximos autorizados e limitados.<\/p>\n","protected":false},"featured_media":17553,"comment_status":"open","ping_status":"closed","template":"","meta":{"_acf_changed":false},"product_brand":[],"product_cat":[244,246],"product_tag":[],"class_list":{"0":"post-17551","1":"product","2":"type-product","3":"status-publish","4":"has-post-thumbnail","6":"product_cat-elasticos-e-cordas","7":"product_cat-faz-tu-mesmo","9":"first","10":"instock","11":"taxable","12":"shipping-taxable","13":"purchasable","14":"product-type-variable"},"acf":[],"_links":{"self":[{"href":"https:\/\/freizeit-technik.de\/pt-pt\/wp-json\/wp\/v2\/product\/17551","targetHints":{"allow":["GET"]}}],"collection":[{"href":"https:\/\/freizeit-technik.de\/pt-pt\/wp-json\/wp\/v2\/product"}],"about":[{"href":"https:\/\/freizeit-technik.de\/pt-pt\/wp-json\/wp\/v2\/types\/product"}],"replies":[{"embeddable":true,"href":"https:\/\/freizeit-technik.de\/pt-pt\/wp-json\/wp\/v2\/comments?post=17551"}],"wp:featuredmedia":[{"embeddable":true,"href":"https:\/\/freizeit-technik.de\/pt-pt\/wp-json\/wp\/v2\/media\/17553"}],"wp:attachment":[{"href":"https:\/\/freizeit-technik.de\/pt-pt\/wp-json\/wp\/v2\/media?parent=17551"}],"wp:term":[{"taxonomy":"product_brand","embeddable":true,"href":"https:\/\/freizeit-technik.de\/pt-pt\/wp-json\/wp\/v2\/product_brand?post=17551"},{"taxonomy":"product_cat","embeddable":true,"href":"https:\/\/freizeit-technik.de\/pt-pt\/wp-json\/wp\/v2\/product_cat?post=17551"},{"taxonomy":"product_tag","embeddable":true,"href":"https:\/\/freizeit-technik.de\/pt-pt\/wp-json\/wp\/v2\/product_tag?post=17551"}],"curies":[{"name":"wp","href":"https:\/\/api.w.org\/{rel}","templated":true}]}}