{"id":17754,"date":"2017-06-08T11:23:42","date_gmt":"2017-06-08T09:23:42","guid":{"rendered":"https:\/\/freizeit-technik.de\/shop\/cabos-de-tracao-estaticos-a-metro\/"},"modified":"2026-05-15T15:47:14","modified_gmt":"2026-05-15T13:47:14","slug":"cabos-de-tracao-estaticos-a-metro","status":"publish","type":"product","link":"https:\/\/freizeit-technik.de\/pt-pt\/shop\/cabos-de-tracao-estaticos-a-metro\/","title":{"rendered":"Cabos de tra\u00e7\u00e3o est\u00e1ticos, a metro"},"content":{"rendered":"<p><strong>Espessura: 9 mm<br \/>\nCor: preto-azul<br \/>\nCapacidade de carga est\u00e1tica: 23kN<br \/>\nCertifica\u00e7\u00e3o: EN 1891<\/strong><strong><br \/>\nComprimentos: 50, 100 e 200 m<br \/>\nfornecido em rolos ou solto numa caixa.<\/strong><\/p>\n<p><img loading=\"lazy\" decoding=\"async\" class=\"size-full wp-image-492 alignleft\" src=\"https:\/\/freizeit-technik.de\/wp-content\/uploads\/2017\/03\/Premium-Line.jpg\" alt=\"\" width=\"64\" height=\"64\"><\/p>\n","protected":false},"excerpt":{"rendered":"<p>Produzida pela Edelrid exclusivamente para n\u00f3s e para utiliza\u00e7\u00e3o em trampolins de bungee, esta corda est\u00e1tica oferece a m\u00e1xima seguran\u00e7a. Al\u00e9m disso, possui uma excelente resist\u00eancia \u00e0 abras\u00e3o, \u00e9 insens\u00edvel \u00e0 sujidade e quase n\u00e3o encolhe sob o efeito das intemp\u00e9ries.<br \/>\nCordas de tra\u00e7\u00e3o est\u00e1ticas com dedal de ambos os lados. Em rolo ou solta numa caixa.  <\/p>\n","protected":false},"featured_media":10856,"comment_status":"open","ping_status":"closed","template":"","meta":{"_acf_changed":false},"product_brand":[],"product_cat":[389,244],"product_tag":[],"class_list":{"0":"post-17754","1":"product","2":"type-product","3":"status-publish","4":"has-post-thumbnail","6":"product_cat-cabos-estaticos-e-cabos-de-aco","7":"product_cat-elasticos-e-cordas","9":"first","10":"instock","11":"taxable","12":"shipping-taxable","13":"purchasable","14":"product-type-variable"},"acf":[],"_links":{"self":[{"href":"https:\/\/freizeit-technik.de\/pt-pt\/wp-json\/wp\/v2\/product\/17754","targetHints":{"allow":["GET"]}}],"collection":[{"href":"https:\/\/freizeit-technik.de\/pt-pt\/wp-json\/wp\/v2\/product"}],"about":[{"href":"https:\/\/freizeit-technik.de\/pt-pt\/wp-json\/wp\/v2\/types\/product"}],"replies":[{"embeddable":true,"href":"https:\/\/freizeit-technik.de\/pt-pt\/wp-json\/wp\/v2\/comments?post=17754"}],"wp:featuredmedia":[{"embeddable":true,"href":"https:\/\/freizeit-technik.de\/pt-pt\/wp-json\/wp\/v2\/media\/10856"}],"wp:attachment":[{"href":"https:\/\/freizeit-technik.de\/pt-pt\/wp-json\/wp\/v2\/media?parent=17754"}],"wp:term":[{"taxonomy":"product_brand","embeddable":true,"href":"https:\/\/freizeit-technik.de\/pt-pt\/wp-json\/wp\/v2\/product_brand?post=17754"},{"taxonomy":"product_cat","embeddable":true,"href":"https:\/\/freizeit-technik.de\/pt-pt\/wp-json\/wp\/v2\/product_cat?post=17754"},{"taxonomy":"product_tag","embeddable":true,"href":"https:\/\/freizeit-technik.de\/pt-pt\/wp-json\/wp\/v2\/product_tag?post=17754"}],"curies":[{"name":"wp","href":"https:\/\/api.w.org\/{rel}","templated":true}]}}