{"id":17821,"date":"2017-06-18T12:00:17","date_gmt":"2017-06-18T10:00:17","guid":{"rendered":"https:\/\/freizeit-technik.de\/shop\/tiras-de-latex-tipo-4-para-disco-de-rotor-5-kg\/"},"modified":"2026-05-15T15:47:29","modified_gmt":"2026-05-15T13:47:29","slug":"tiras-de-latex-tipo-4-para-disco-de-rotor-5-kg","status":"publish","type":"product","link":"https:\/\/freizeit-technik.de\/pt-pt\/shop\/tiras-de-latex-tipo-4-para-disco-de-rotor-5-kg\/","title":{"rendered":"Tiras de l\u00e1tex tipo 4 para disco de rotor, 5 kg"},"content":{"rendered":"<p><strong>aprox. 5 kg (peso do jumper quando utilizado em ambos os lados)<\/strong><br \/>\n<strong>Cor: natural, n\u00e3o colorido (bege) ou colorido<\/strong><br \/>\n<strong>Temperatura m\u00ednima de funcionamento: +5\u00b0C<\/strong><br \/>\n<strong>Din\u00e2mica de salto: +++++<\/strong><br \/>\n<strong>Durabilidade: ++<\/strong><br \/>\n<strong>Seguran\u00e7a: ++<\/strong><\/p>\n","protected":false},"excerpt":{"rendered":"<p>Tiras de l\u00e1tex, prontas para o nosso sistema de discos de rotor. Fabricadas com a m\u00e1xima qualidade, com uma elasticidade de cerca de 700 %, muito homog\u00e9neas na sa\u00edda de for\u00e7a para alturas de salto m\u00e1ximas. <\/p>\n<p>Em alternativa, na cor natural ou com revestimento protetor colorido.<\/p>\n<p>O revestimento colorido oferece um certo grau de prote\u00e7\u00e3o contra influ\u00eancias ambientais e facilita a dete\u00e7\u00e3o de danos, especialmente microfissuras.<\/p>\n<p><strong>Faz o teu pr\u00f3prio trabalho e personaliza-o:<\/strong><\/p>\n<p>Tamb\u00e9m est\u00e3o dispon\u00edveis elast\u00f3meros de todos os tipos e dimens\u00f5es a metro para auto-montagem. Se o comprimento pretendido n\u00e3o estiver indicado, contacta-nos. Fabricamos no tamanho que desejas! <\/p>\n<p><strong>Nota importante:<\/strong><\/p>\n<p>Ambas as qualidades de mangueiras de l\u00e1tex n\u00e3o t\u00eam qualquer prote\u00e7\u00e3o adicional contra rasg\u00f5es repentinos devido \u00e0 falta de uma cobertura t\u00eaxtil. Durante o funcionamento, requerem uma inspe\u00e7\u00e3o constante e completa e devem ser substitu\u00eddas imediatamente aos primeiros sinais de desgaste. <\/p>\n<p>Neste contexto, chama a aten\u00e7\u00e3o para os tempos de utiliza\u00e7\u00e3o m\u00e1ximos autorizados e limitados.<\/p>\n","protected":false},"featured_media":17822,"comment_status":"open","ping_status":"closed","template":"","meta":{"_acf_changed":false},"product_brand":[],"product_cat":[244,245],"product_tag":[],"class_list":{"0":"post-17821","1":"product","2":"type-product","3":"status-publish","4":"has-post-thumbnail","6":"product_cat-elasticos-e-cordas","7":"product_cat-elasticos-prontos-a-usar","9":"first","10":"instock","11":"taxable","12":"shipping-taxable","13":"purchasable","14":"product-type-variable"},"acf":[],"_links":{"self":[{"href":"https:\/\/freizeit-technik.de\/pt-pt\/wp-json\/wp\/v2\/product\/17821","targetHints":{"allow":["GET"]}}],"collection":[{"href":"https:\/\/freizeit-technik.de\/pt-pt\/wp-json\/wp\/v2\/product"}],"about":[{"href":"https:\/\/freizeit-technik.de\/pt-pt\/wp-json\/wp\/v2\/types\/product"}],"replies":[{"embeddable":true,"href":"https:\/\/freizeit-technik.de\/pt-pt\/wp-json\/wp\/v2\/comments?post=17821"}],"wp:featuredmedia":[{"embeddable":true,"href":"https:\/\/freizeit-technik.de\/pt-pt\/wp-json\/wp\/v2\/media\/17822"}],"wp:attachment":[{"href":"https:\/\/freizeit-technik.de\/pt-pt\/wp-json\/wp\/v2\/media?parent=17821"}],"wp:term":[{"taxonomy":"product_brand","embeddable":true,"href":"https:\/\/freizeit-technik.de\/pt-pt\/wp-json\/wp\/v2\/product_brand?post=17821"},{"taxonomy":"product_cat","embeddable":true,"href":"https:\/\/freizeit-technik.de\/pt-pt\/wp-json\/wp\/v2\/product_cat?post=17821"},{"taxonomy":"product_tag","embeddable":true,"href":"https:\/\/freizeit-technik.de\/pt-pt\/wp-json\/wp\/v2\/product_tag?post=17821"}],"curies":[{"name":"wp","href":"https:\/\/api.w.org\/{rel}","templated":true}]}}