{"id":17874,"date":"2017-06-18T14:00:41","date_gmt":"2017-06-18T12:00:41","guid":{"rendered":"https:\/\/freizeit-technik.de\/shop\/tiras-de-latex-tipo-4-para-disco-de-rotor-10-kg\/"},"modified":"2026-05-15T15:47:52","modified_gmt":"2026-05-15T13:47:52","slug":"tiras-de-latex-tipo-4-para-disco-de-rotor-10-kg","status":"publish","type":"product","link":"https:\/\/freizeit-technik.de\/pt-pt\/shop\/tiras-de-latex-tipo-4-para-disco-de-rotor-10-kg\/","title":{"rendered":"Tiras de l\u00e1tex tipo 4 para disco de rotor, 10 kg"},"content":{"rendered":"<p><strong><span class=\"tx-ttproducts-pi1-wrap2\">Aprox. 10 kg (peso do saltador quando utilizado em ambos os lados)<br \/>\nCor: natural n\u00e3o tingido (bege) ou colorido<br \/>\nTemperatura m\u00ednima de funcionamento: +5\u00b0C<br \/>\nDin\u00e2mica de salto: +++++<br \/>\nDurabilidade: ++<br \/>\nSeguran\u00e7a: +<\/span><\/strong><\/p>\n<p>&nbsp;<\/p>\n","protected":false},"excerpt":{"rendered":"<p>Tiras de l\u00e1tex, prontas para o nosso sistema de discos de rotor. Fabricadas com a m\u00e1xima qualidade, com uma elasticidade de cerca de 700 %, muito homog\u00e9neas na sa\u00edda de for\u00e7a para alturas de salto m\u00e1ximas. <\/p>\n<p><strong>Alternativamente, cor natural ou com <span style=\"color: #ff6600;\">revestimento protetor colorido<\/span><\/strong><br \/>\nO revestimento colorido oferece um certo grau de prote\u00e7\u00e3o contra influ\u00eancias ambientais e facilita a dete\u00e7\u00e3o de danos, especialmente microfissuras.<\/p>\n<p>Fabrico <strong>pr\u00f3prio e \u00e0 medida:<br \/>\n<\/strong>Elastiks de todos os tipos e dimens\u00f5es tamb\u00e9m est\u00e3o dispon\u00edveis a metro para produtos feitos por ti. Se o comprimento pretendido n\u00e3o estiver indicado, contacta-nos. Fabricamos no tamanho que desejas!  <\/p>\n<p><strong>Nota importante:<br \/>\n<\/strong>As duas qualidades de mangueiras de l\u00e1tex n\u00e3o t\u00eam qualquer prote\u00e7\u00e3o adicional contra rasg\u00f5es repentinos devido \u00e0 falta de uma cobertura t\u00eaxtil. Por isso, \u00e9 necess\u00e1rio um controlo constante e completo durante o funcionamento e devem ser substitu\u00eddas imediatamente aos primeiros sinais de desgaste. <\/p>\n<p>Neste contexto, chama a aten\u00e7\u00e3o para os tempos de utiliza\u00e7\u00e3o m\u00e1ximos autorizados e limitados.<\/p>\n","protected":false},"featured_media":17877,"comment_status":"open","ping_status":"closed","template":"","meta":{"_acf_changed":false},"product_brand":[],"product_cat":[244,245],"product_tag":[],"class_list":{"0":"post-17874","1":"product","2":"type-product","3":"status-publish","4":"has-post-thumbnail","6":"product_cat-elasticos-e-cordas","7":"product_cat-elasticos-prontos-a-usar","9":"first","10":"instock","11":"taxable","12":"shipping-taxable","13":"purchasable","14":"product-type-variable"},"acf":[],"_links":{"self":[{"href":"https:\/\/freizeit-technik.de\/pt-pt\/wp-json\/wp\/v2\/product\/17874","targetHints":{"allow":["GET"]}}],"collection":[{"href":"https:\/\/freizeit-technik.de\/pt-pt\/wp-json\/wp\/v2\/product"}],"about":[{"href":"https:\/\/freizeit-technik.de\/pt-pt\/wp-json\/wp\/v2\/types\/product"}],"replies":[{"embeddable":true,"href":"https:\/\/freizeit-technik.de\/pt-pt\/wp-json\/wp\/v2\/comments?post=17874"}],"wp:featuredmedia":[{"embeddable":true,"href":"https:\/\/freizeit-technik.de\/pt-pt\/wp-json\/wp\/v2\/media\/17877"}],"wp:attachment":[{"href":"https:\/\/freizeit-technik.de\/pt-pt\/wp-json\/wp\/v2\/media?parent=17874"}],"wp:term":[{"taxonomy":"product_brand","embeddable":true,"href":"https:\/\/freizeit-technik.de\/pt-pt\/wp-json\/wp\/v2\/product_brand?post=17874"},{"taxonomy":"product_cat","embeddable":true,"href":"https:\/\/freizeit-technik.de\/pt-pt\/wp-json\/wp\/v2\/product_cat?post=17874"},{"taxonomy":"product_tag","embeddable":true,"href":"https:\/\/freizeit-technik.de\/pt-pt\/wp-json\/wp\/v2\/product_tag?post=17874"}],"curies":[{"name":"wp","href":"https:\/\/api.w.org\/{rel}","templated":true}]}}