{"id":17922,"date":"2017-06-21T13:51:19","date_gmt":"2017-06-21T11:51:19","guid":{"rendered":"https:\/\/freizeit-technik.de\/shop\/tipo-5-trancado-em-latex-20-kg-laranja-preto\/"},"modified":"2026-05-15T15:47:55","modified_gmt":"2026-05-15T13:47:55","slug":"tipo-5-trancado-em-latex-20-kg-laranja-preto","status":"publish","type":"product","link":"https:\/\/freizeit-technik.de\/pt-pt\/shop\/tipo-5-trancado-em-latex-20-kg-laranja-preto\/","title":{"rendered":"Tipo 5 tran\u00e7ado em l\u00e1tex, 20 kg, laranja-preto"},"content":{"rendered":"<div id=\"tab_fragment_1\" class=\"ui-tabs-panel ui-widget-content ui-corner-bottom ui-tabs-hide\">\n<div id=\"tab_fragment_1\" class=\"ui-tabs-panel ui-widget-content ui-corner-bottom ui-tabs-hide\"><span class=\"tx-ttproducts-pi1-wrap2\"><strong>Para peso: aprox. 20 kg (peso do jumper quando utilizado em ambos os lados)<br \/>\nCor: laranja-preto<br \/>\nDin\u00e2mica de salto: +++++<br \/>\nDurabilidade: ++<br \/>\nSeguran\u00e7a: ++++  <\/strong><\/span><\/div>\n<\/div>\n","protected":false},"excerpt":{"rendered":"<p><strong>T\u00e3o seguro como as cordas de borracha expansivas e t\u00e3o din\u00e2mico como os el\u00e1sticos de l\u00e1tex nus!<\/strong><\/p>\n<p>Estes el\u00e1sticos s\u00e3o uma boa escolha para operadores para os quais a altura de salto alcan\u00e7\u00e1vel \u00e9 particularmente importante, mas que querem excluir virtualmente a quebra da corda. O material interior destas cordas el\u00e1sticas desenvolvidas por n\u00f3s \u00e9 constitu\u00eddo por tubos de borracha natural pura. O resultado do salto \u00e9 absolutamente convincente.  <\/p>\n<p><strong>O nosso conselho:<\/strong> combina esta corda el\u00e1stica de tipo 5 com el\u00e1sticos de tipo 1, tipo 2 ou tipo 3 para a vers\u00e3o de 15 kg ou 20 kg, pelo menos para as classes de peso inferiores de 5 kg e 10 kg.<\/p>\n<p>Com la\u00e7os cosidos (la\u00e7os de cinta) <u>sem n\u00f3s<\/u> nas extremidades. Um ganho claro em termos de facilidade de utiliza\u00e7\u00e3o, uma vez que as cordas t\u00eam menos probabilidades de ficarem presas umas nas outras. <\/p>\n<p>Tamb\u00e9m est\u00e3o dispon\u00edveis elast\u00f3meros de todos os tipos e dimens\u00f5es a metro para auto-montagem.<\/p>\n","protected":false},"featured_media":17924,"comment_status":"open","ping_status":"closed","template":"","meta":{"_acf_changed":false},"product_brand":[],"product_cat":[244,245],"product_tag":[],"class_list":{"0":"post-17922","1":"product","2":"type-product","3":"status-publish","4":"has-post-thumbnail","6":"product_cat-elasticos-e-cordas","7":"product_cat-elasticos-prontos-a-usar","9":"first","10":"instock","11":"taxable","12":"shipping-taxable","13":"purchasable","14":"product-type-variable"},"acf":[],"_links":{"self":[{"href":"https:\/\/freizeit-technik.de\/pt-pt\/wp-json\/wp\/v2\/product\/17922","targetHints":{"allow":["GET"]}}],"collection":[{"href":"https:\/\/freizeit-technik.de\/pt-pt\/wp-json\/wp\/v2\/product"}],"about":[{"href":"https:\/\/freizeit-technik.de\/pt-pt\/wp-json\/wp\/v2\/types\/product"}],"replies":[{"embeddable":true,"href":"https:\/\/freizeit-technik.de\/pt-pt\/wp-json\/wp\/v2\/comments?post=17922"}],"wp:featuredmedia":[{"embeddable":true,"href":"https:\/\/freizeit-technik.de\/pt-pt\/wp-json\/wp\/v2\/media\/17924"}],"wp:attachment":[{"href":"https:\/\/freizeit-technik.de\/pt-pt\/wp-json\/wp\/v2\/media?parent=17922"}],"wp:term":[{"taxonomy":"product_brand","embeddable":true,"href":"https:\/\/freizeit-technik.de\/pt-pt\/wp-json\/wp\/v2\/product_brand?post=17922"},{"taxonomy":"product_cat","embeddable":true,"href":"https:\/\/freizeit-technik.de\/pt-pt\/wp-json\/wp\/v2\/product_cat?post=17922"},{"taxonomy":"product_tag","embeddable":true,"href":"https:\/\/freizeit-technik.de\/pt-pt\/wp-json\/wp\/v2\/product_tag?post=17922"}],"curies":[{"name":"wp","href":"https:\/\/api.w.org\/{rel}","templated":true}]}}