{"id":17981,"date":"2017-06-10T11:00:51","date_gmt":"2017-06-10T09:00:51","guid":{"rendered":"https:\/\/freizeit-technik.de\/shop\/salta-a-corda\/"},"modified":"2026-05-15T15:48:13","modified_gmt":"2026-05-15T13:48:13","slug":"salta-a-corda","status":"publish","type":"product","link":"https:\/\/freizeit-technik.de\/pt-pt\/shop\/salta-a-corda\/","title":{"rendered":"Salta \u00e0 corda"},"content":{"rendered":"<p><span class=\"tx-ttproducts-pi1-wrap2\"><strong>Espessura: 9 mm<br \/>\nCor: preto<br \/>\nCapacidade de carga est\u00e1tica: 23kN<br \/>\nCertifica\u00e7\u00e3o: EN 1891<\/strong><\/span><\/p>\n<p><img loading=\"lazy\" decoding=\"async\" class=\"size-full wp-image-492 alignleft\" src=\"https:\/\/freizeit-technik.de\/wp-content\/uploads\/2017\/03\/Premium-Line.jpg\" alt=\"\" width=\"64\" height=\"64\"><\/p>\n","protected":false},"excerpt":{"rendered":"<p>Produzida pela Edelrid exclusivamente para n\u00f3s e para utiliza\u00e7\u00e3o em trampolins de bungee, esta corda est\u00e1tica oferece a m\u00e1xima seguran\u00e7a. Al\u00e9m disso, \u00e9 extremamente resistente \u00e0 abras\u00e3o, insens\u00edvel \u00e0 sujidade e quase n\u00e3o encolhe sob o efeito das intemp\u00e9ries.<br \/>\nCorda de tra\u00e7\u00e3o est\u00e1tica com dedal de ambos os lados. Prote\u00e7\u00e3o dos n\u00f3s gra\u00e7as \u00e0 manga retr\u00e1til extremamente robusta.  <\/p>\n<p>___________________________________________________________________________<\/p>\n<p><span class=\"tx-ttproducts-pi1-wrap2\"><strong>  Ao encomendar cordas de saltar para os sistemas 4Tramp Classic e 4Tramp Mini, tem em aten\u00e7\u00e3o o seguinte<br \/>\n<\/strong><\/span><\/p>\n<p>As cordas de saltos na vers\u00e3o simples s\u00e3o ligadas \u00e0 corda de tra\u00e7\u00e3o motorizada atrav\u00e9s de um mosquet\u00e3o. S\u00e3o necess\u00e1rias 2 pe\u00e7as desta vers\u00e3o por \u00e1rea de saltos, ou seja, um total de 8 pe\u00e7as por sistema de trampolim de el\u00e1stico com 4 dobras.<\/p>\n<p>Na vers\u00e3o dupla, apenas \u00e9 necess\u00e1ria uma corda de saltar por posi\u00e7\u00e3o de salto. Liga-a atrav\u00e9s de um mosquet\u00e3o <strong><u>e<\/u><\/strong> e uma roldana ao cabo de tra\u00e7\u00e3o motorizado. Isto significa 4 cordas de saltar por cada sistema de trampolim de el\u00e1stico com 4 dobras.  <\/p>\n","protected":false},"featured_media":10729,"comment_status":"open","ping_status":"closed","template":"","meta":{"_acf_changed":false},"product_brand":[],"product_cat":[389,244],"product_tag":[],"class_list":{"0":"post-17981","1":"product","2":"type-product","3":"status-publish","4":"has-post-thumbnail","6":"product_cat-cabos-estaticos-e-cabos-de-aco","7":"product_cat-elasticos-e-cordas","9":"first","10":"instock","11":"taxable","12":"shipping-taxable","13":"purchasable","14":"product-type-variable"},"acf":[],"_links":{"self":[{"href":"https:\/\/freizeit-technik.de\/pt-pt\/wp-json\/wp\/v2\/product\/17981","targetHints":{"allow":["GET"]}}],"collection":[{"href":"https:\/\/freizeit-technik.de\/pt-pt\/wp-json\/wp\/v2\/product"}],"about":[{"href":"https:\/\/freizeit-technik.de\/pt-pt\/wp-json\/wp\/v2\/types\/product"}],"replies":[{"embeddable":true,"href":"https:\/\/freizeit-technik.de\/pt-pt\/wp-json\/wp\/v2\/comments?post=17981"}],"wp:featuredmedia":[{"embeddable":true,"href":"https:\/\/freizeit-technik.de\/pt-pt\/wp-json\/wp\/v2\/media\/10729"}],"wp:attachment":[{"href":"https:\/\/freizeit-technik.de\/pt-pt\/wp-json\/wp\/v2\/media?parent=17981"}],"wp:term":[{"taxonomy":"product_brand","embeddable":true,"href":"https:\/\/freizeit-technik.de\/pt-pt\/wp-json\/wp\/v2\/product_brand?post=17981"},{"taxonomy":"product_cat","embeddable":true,"href":"https:\/\/freizeit-technik.de\/pt-pt\/wp-json\/wp\/v2\/product_cat?post=17981"},{"taxonomy":"product_tag","embeddable":true,"href":"https:\/\/freizeit-technik.de\/pt-pt\/wp-json\/wp\/v2\/product_tag?post=17981"}],"curies":[{"name":"wp","href":"https:\/\/api.w.org\/{rel}","templated":true}]}}