{"id":18033,"date":"2017-06-09T11:13:56","date_gmt":"2017-06-09T09:13:56","guid":{"rendered":"https:\/\/freizeit-technik.de\/shop\/cabo-do-motor\/"},"modified":"2026-05-15T15:48:25","modified_gmt":"2026-05-15T13:48:25","slug":"cabo-do-motor","status":"publish","type":"product","link":"https:\/\/freizeit-technik.de\/pt-pt\/shop\/cabo-do-motor\/","title":{"rendered":"Cabo do motor"},"content":{"rendered":"<p><strong>Espessura: 9 mm<br \/>\nCor: preto<br \/>\nCapacidade de carga est\u00e1tica: 23kN<br \/>\nCertifica\u00e7\u00e3o: EN 1891<\/strong><\/p>\n<p><img loading=\"lazy\" decoding=\"async\" class=\"size-full wp-image-492 alignleft\" src=\"https:\/\/freizeit-technik.de\/wp-content\/uploads\/2017\/03\/Premium-Line.jpg\" alt=\"\" width=\"64\" height=\"64\"><\/p>\n","protected":false},"excerpt":{"rendered":"<p><span class=\"tx-ttproducts-pi1-wrap2\">Corda de tra\u00e7\u00e3o do motor est\u00e1tico para o guincho HE 200.  <\/span>Produzida pela Edelrid exclusivamente para n\u00f3s e para utiliza\u00e7\u00e3o em sistemas de trampolins com el\u00e1stico, esta corda est\u00e1tica oferece a m\u00e1xima seguran\u00e7a. Al\u00e9m disso, \u00e9 extremamente resistente \u00e0 abras\u00e3o, insens\u00edvel \u00e0 sujidade e quase n\u00e3o encolhe sob o efeito das intemp\u00e9ries. Cordas de tra\u00e7\u00e3o motorizadas com extremidade fina e dedal de corda para uma fixa\u00e7\u00e3o f\u00e1cil ao seu guincho.  <\/p>\n","protected":false},"featured_media":10721,"comment_status":"open","ping_status":"closed","template":"","meta":{"_acf_changed":false},"product_brand":[],"product_cat":[389,244],"product_tag":[],"class_list":{"0":"post-18033","1":"product","2":"type-product","3":"status-publish","4":"has-post-thumbnail","6":"product_cat-cabos-estaticos-e-cabos-de-aco","7":"product_cat-elasticos-e-cordas","9":"first","10":"instock","11":"taxable","12":"shipping-taxable","13":"purchasable","14":"product-type-simple"},"acf":[],"_links":{"self":[{"href":"https:\/\/freizeit-technik.de\/pt-pt\/wp-json\/wp\/v2\/product\/18033","targetHints":{"allow":["GET"]}}],"collection":[{"href":"https:\/\/freizeit-technik.de\/pt-pt\/wp-json\/wp\/v2\/product"}],"about":[{"href":"https:\/\/freizeit-technik.de\/pt-pt\/wp-json\/wp\/v2\/types\/product"}],"replies":[{"embeddable":true,"href":"https:\/\/freizeit-technik.de\/pt-pt\/wp-json\/wp\/v2\/comments?post=18033"}],"wp:featuredmedia":[{"embeddable":true,"href":"https:\/\/freizeit-technik.de\/pt-pt\/wp-json\/wp\/v2\/media\/10721"}],"wp:attachment":[{"href":"https:\/\/freizeit-technik.de\/pt-pt\/wp-json\/wp\/v2\/media?parent=18033"}],"wp:term":[{"taxonomy":"product_brand","embeddable":true,"href":"https:\/\/freizeit-technik.de\/pt-pt\/wp-json\/wp\/v2\/product_brand?post=18033"},{"taxonomy":"product_cat","embeddable":true,"href":"https:\/\/freizeit-technik.de\/pt-pt\/wp-json\/wp\/v2\/product_cat?post=18033"},{"taxonomy":"product_tag","embeddable":true,"href":"https:\/\/freizeit-technik.de\/pt-pt\/wp-json\/wp\/v2\/product_tag?post=18033"}],"curies":[{"name":"wp","href":"https:\/\/api.w.org\/{rel}","templated":true}]}}