{"id":18227,"date":"2017-06-17T12:02:05","date_gmt":"2017-06-17T10:02:05","guid":{"rendered":"https:\/\/freizeit-technik.de\/shop\/elasticos-de-latex-tipo-4-com-abas-de-retencao-10-kg\/"},"modified":"2026-05-15T15:49:23","modified_gmt":"2026-05-15T13:49:23","slug":"elasticos-de-latex-tipo-4-com-abas-de-retencao-10-kg","status":"publish","type":"product","link":"https:\/\/freizeit-technik.de\/pt-pt\/shop\/elasticos-de-latex-tipo-4-com-abas-de-retencao-10-kg\/","title":{"rendered":"El\u00e1sticos de l\u00e1tex tipo 4 com abas de reten\u00e7\u00e3o, 10 kg"},"content":{"rendered":"<p class=\"bodytext\"><strong>aprox. 10 kg (peso do jumper quando utilizado em ambos os lados)<\/strong><br \/>\n<strong>Cor: natural, n\u00e3o colorido (bege) ou colorido<\/strong><br \/>\n<strong>Temperatura m\u00ednima de funcionamento: +5\u00b0C<\/strong><br \/>\n<strong>Din\u00e2mica de salto: +++++<\/strong><br \/>\n<strong>Durabilidade: ++<\/strong><br \/>\n<strong>Seguran\u00e7a: ++<\/strong><\/p>\n","protected":false},"excerpt":{"rendered":"<p>El\u00e1sticos de l\u00e1tex com tiras de reten\u00e7\u00e3o, prontos a usar. Fabricados com uma qualidade absolutamente superior, com uma elasticidade de cerca de 700 %, com uma sa\u00edda de for\u00e7a muito homog\u00e9nea para alturas de salto m\u00e1ximas. <\/p>\n<p><strong>Alternativamente, cor natural ou com <span style=\"color: #ff6600;\">revestimento protetor colorido<\/span><\/strong><br \/>\nO revestimento colorido oferece um certo grau de prote\u00e7\u00e3o contra influ\u00eancias ambientais e facilita a dete\u00e7\u00e3o de danos, especialmente microfissuras.<\/p>\n<p>Fabrico <strong>pr\u00f3prio e \u00e0 medida:<br \/>\n<\/strong>Elastiks de todos os tipos e dimens\u00f5es tamb\u00e9m est\u00e3o dispon\u00edveis a metro para produtos feitos por ti. Se o comprimento pretendido n\u00e3o estiver indicado, contacta-nos. Fabricamos no tamanho que desejas!  <\/p>\n<p><strong>Op\u00e7\u00e3o &#8220;Refill&#8221;:<br \/>\n<\/strong>Se necess\u00e1rio, podemos encher os teus separadores de reten\u00e7\u00e3o intactos. O pre\u00e7o de venda das correias de reten\u00e7\u00e3o necess\u00e1rias ser\u00e1 deduzido do pre\u00e7o de recarga! N\u00e3o verificamos o estado dos separadores de reten\u00e7\u00e3o que nos envias, mas enchemo-los com tubos de l\u00e1tex novos sem os verificar. A obriga\u00e7\u00e3o de controlo cabe ao remetente.   <\/p>\n<p><strong>Nota importante:<br \/>\n<\/strong>As duas qualidades de mangueiras de l\u00e1tex n\u00e3o t\u00eam qualquer prote\u00e7\u00e3o adicional contra rasg\u00f5es repentinos devido \u00e0 falta de uma cobertura t\u00eaxtil. Por isso, \u00e9 necess\u00e1rio um controlo constante e completo durante o funcionamento e devem ser substitu\u00eddas imediatamente aos primeiros sinais de desgaste. <\/p>\n<p>Neste contexto, chama a aten\u00e7\u00e3o para os tempos de utiliza\u00e7\u00e3o m\u00e1ximos autorizados e limitados.<\/p>\n","protected":false},"featured_media":18230,"comment_status":"open","ping_status":"closed","template":"","meta":{"_acf_changed":false},"product_brand":[],"product_cat":[244,245],"product_tag":[],"class_list":{"0":"post-18227","1":"product","2":"type-product","3":"status-publish","4":"has-post-thumbnail","6":"product_cat-elasticos-e-cordas","7":"product_cat-elasticos-prontos-a-usar","9":"first","10":"instock","11":"taxable","12":"shipping-taxable","13":"purchasable","14":"product-type-variable"},"acf":[],"_links":{"self":[{"href":"https:\/\/freizeit-technik.de\/pt-pt\/wp-json\/wp\/v2\/product\/18227","targetHints":{"allow":["GET"]}}],"collection":[{"href":"https:\/\/freizeit-technik.de\/pt-pt\/wp-json\/wp\/v2\/product"}],"about":[{"href":"https:\/\/freizeit-technik.de\/pt-pt\/wp-json\/wp\/v2\/types\/product"}],"replies":[{"embeddable":true,"href":"https:\/\/freizeit-technik.de\/pt-pt\/wp-json\/wp\/v2\/comments?post=18227"}],"wp:featuredmedia":[{"embeddable":true,"href":"https:\/\/freizeit-technik.de\/pt-pt\/wp-json\/wp\/v2\/media\/18230"}],"wp:attachment":[{"href":"https:\/\/freizeit-technik.de\/pt-pt\/wp-json\/wp\/v2\/media?parent=18227"}],"wp:term":[{"taxonomy":"product_brand","embeddable":true,"href":"https:\/\/freizeit-technik.de\/pt-pt\/wp-json\/wp\/v2\/product_brand?post=18227"},{"taxonomy":"product_cat","embeddable":true,"href":"https:\/\/freizeit-technik.de\/pt-pt\/wp-json\/wp\/v2\/product_cat?post=18227"},{"taxonomy":"product_tag","embeddable":true,"href":"https:\/\/freizeit-technik.de\/pt-pt\/wp-json\/wp\/v2\/product_tag?post=18227"}],"curies":[{"name":"wp","href":"https:\/\/api.w.org\/{rel}","templated":true}]}}