{"id":18473,"date":"2017-06-25T13:37:03","date_gmt":"2017-06-25T11:37:03","guid":{"rendered":"https:\/\/freizeit-technik.de\/shop\/elastiks-de-expansao-tipo-3-10-kg-azul-verde\/"},"modified":"2026-05-15T15:50:24","modified_gmt":"2026-05-15T13:50:24","slug":"elastiks-de-expansao-tipo-3-10-kg-azul-verde","status":"publish","type":"product","link":"https:\/\/freizeit-technik.de\/pt-pt\/shop\/elastiks-de-expansao-tipo-3-10-kg-azul-verde\/","title":{"rendered":"Elastiks de Expans\u00e3o Tipo 3, 10 kg, azul-verde"},"content":{"rendered":"<p><strong><span class=\"tx-ttproducts-pi1-wrap2\">Para peso: aprox. 10 kg (peso do saltador quando utilizado em ambos os lados)<br \/>\nCor: azul-verde<br \/>\nDin\u00e2mica de salto: +++<br \/>\nDurabilidade: ++++<br \/>\nSeguran\u00e7a: ++++<\/span><\/strong><\/p>\n","protected":false},"excerpt":{"rendered":"<p>Corda de borracha de 9 mm com cobertura especial azul-verde. O entran\u00e7ado duplo \u00e9 extens\u00edvel na segunda camada e, por isso, quase n\u00e3o se move. Isto resulta numa vida \u00fatil compar\u00e1vel \u00e0 dos el\u00e1sticos &#8220;Tipo 2&#8221;. No entanto, os el\u00e1sticos &#8220;Tipo 3&#8221; mant\u00eam-se impec\u00e1veis durante muito mais tempo.   <\/p>\n<p>Com la\u00e7os cosidos (la\u00e7os de cinta) <u>sem n\u00f3s<\/u> nas extremidades. Um ganho claro em termos de facilidade de utiliza\u00e7\u00e3o, uma vez que as cordas t\u00eam menos probabilidades de ficarem presas umas nas outras. <\/p>\n<p>Tamb\u00e9m est\u00e3o dispon\u00edveis elast\u00f3meros de todos os tipos e dimens\u00f5es a metro para auto-montagem.<\/p>\n","protected":false},"featured_media":18474,"comment_status":"open","ping_status":"closed","template":"","meta":{"_acf_changed":false},"product_brand":[],"product_cat":[244,245],"product_tag":[],"class_list":{"0":"post-18473","1":"product","2":"type-product","3":"status-publish","4":"has-post-thumbnail","6":"product_cat-elasticos-e-cordas","7":"product_cat-elasticos-prontos-a-usar","9":"first","10":"instock","11":"taxable","12":"shipping-taxable","13":"purchasable","14":"product-type-variable"},"acf":[],"_links":{"self":[{"href":"https:\/\/freizeit-technik.de\/pt-pt\/wp-json\/wp\/v2\/product\/18473","targetHints":{"allow":["GET"]}}],"collection":[{"href":"https:\/\/freizeit-technik.de\/pt-pt\/wp-json\/wp\/v2\/product"}],"about":[{"href":"https:\/\/freizeit-technik.de\/pt-pt\/wp-json\/wp\/v2\/types\/product"}],"replies":[{"embeddable":true,"href":"https:\/\/freizeit-technik.de\/pt-pt\/wp-json\/wp\/v2\/comments?post=18473"}],"wp:featuredmedia":[{"embeddable":true,"href":"https:\/\/freizeit-technik.de\/pt-pt\/wp-json\/wp\/v2\/media\/18474"}],"wp:attachment":[{"href":"https:\/\/freizeit-technik.de\/pt-pt\/wp-json\/wp\/v2\/media?parent=18473"}],"wp:term":[{"taxonomy":"product_brand","embeddable":true,"href":"https:\/\/freizeit-technik.de\/pt-pt\/wp-json\/wp\/v2\/product_brand?post=18473"},{"taxonomy":"product_cat","embeddable":true,"href":"https:\/\/freizeit-technik.de\/pt-pt\/wp-json\/wp\/v2\/product_cat?post=18473"},{"taxonomy":"product_tag","embeddable":true,"href":"https:\/\/freizeit-technik.de\/pt-pt\/wp-json\/wp\/v2\/product_tag?post=18473"}],"curies":[{"name":"wp","href":"https:\/\/api.w.org\/{rel}","templated":true}]}}