{"id":18541,"date":"2017-03-07T17:03:02","date_gmt":"2017-03-07T16:03:02","guid":{"rendered":"https:\/\/freizeit-technik.de\/shop\/bolas-macias-de-60-mm-com-pele-protetora-pu-1-000-unidades\/"},"modified":"2026-05-15T21:12:37","modified_gmt":"2026-05-15T19:12:37","slug":"bolas-macias-de-60-mm-com-pele-protetora-pu-1-000-unidades","status":"publish","type":"product","link":"https:\/\/freizeit-technik.de\/pt-pt\/shop\/bolas-macias-de-60-mm-com-pele-protetora-pu-1-000-unidades\/","title":{"rendered":"Bolas macias de 60 mm, com pele protetora PU: 1.000 unidades"},"content":{"rendered":"<p><img loading=\"lazy\" decoding=\"async\" class=\"size-full wp-image-690 alignleft\" src=\"https:\/\/freizeit-technik.de\/wp-content\/uploads\/2017\/03\/empfehlung.gif\" alt=\"\" width=\"198\" height=\"64\"><img loading=\"lazy\" decoding=\"async\" class=\"size-full wp-image-684 alignleft\" src=\"https:\/\/freizeit-technik.de\/wp-content\/uploads\/2017\/03\/Q_eu-1.gif\" alt=\"\" width=\"64\" height=\"64\"><img loading=\"lazy\" decoding=\"async\" class=\"size-full wp-image-694 alignleft\" src=\"https:\/\/freizeit-technik.de\/wp-content\/uploads\/2017\/03\/premium_line.gif\" alt=\"\" width=\"119\" height=\"64\"><\/p>\n","protected":false},"excerpt":{"rendered":"<p><strong>Bolas de 60 mm de cor \u00fanica em vermelho, amarelo, laranja, verde e azul. As bolas macias caracterizam-se por uma densidade elevada e, consequentemente, por carater\u00edsticas de voo muito boas.<\/strong><\/p>\n<p>A pele protetora exterior e lisa \u00e9 resistente ao desgaste e contribui para a durabilidade acima da m\u00e9dia destas bolas macias.<\/p>\n<p>As bolas de 60 mm s\u00e3o vendidas em unidades de 1000 unidades. Tem em aten\u00e7\u00e3o os pre\u00e7os graduados:<\/p>\n<p>1-4 VPE: 282\u20ac\/VPE<\/p>\n<p>5-9 VPE: 272\u20ac\/VPE<\/p>\n<p>a partir de 10 PU: 262\u20ac\/PU<\/p>\n<p>&nbsp;<\/p>\n<p><strong>Introduz aqui a quantidade pretendida e as tuas prefer\u00eancias de cor no checkout sob a palavra-chave &#8220;Notas sobre a encomenda&#8221;!<\/strong><\/p>\n","protected":false},"featured_media":14964,"comment_status":"open","ping_status":"closed","template":"","meta":{"_acf_changed":false},"product_brand":[],"product_cat":[292,293],"product_tag":[],"class_list":{"0":"post-18541","1":"product","2":"type-product","3":"status-publish","4":"has-post-thumbnail","6":"product_cat-atirador-divertido","7":"product_cat-bolas-de-softbol","9":"first","10":"instock","11":"taxable","12":"shipping-taxable","13":"purchasable","14":"product-type-simple"},"acf":[],"_links":{"self":[{"href":"https:\/\/freizeit-technik.de\/pt-pt\/wp-json\/wp\/v2\/product\/18541","targetHints":{"allow":["GET"]}}],"collection":[{"href":"https:\/\/freizeit-technik.de\/pt-pt\/wp-json\/wp\/v2\/product"}],"about":[{"href":"https:\/\/freizeit-technik.de\/pt-pt\/wp-json\/wp\/v2\/types\/product"}],"replies":[{"embeddable":true,"href":"https:\/\/freizeit-technik.de\/pt-pt\/wp-json\/wp\/v2\/comments?post=18541"}],"wp:featuredmedia":[{"embeddable":true,"href":"https:\/\/freizeit-technik.de\/pt-pt\/wp-json\/wp\/v2\/media\/14964"}],"wp:attachment":[{"href":"https:\/\/freizeit-technik.de\/pt-pt\/wp-json\/wp\/v2\/media?parent=18541"}],"wp:term":[{"taxonomy":"product_brand","embeddable":true,"href":"https:\/\/freizeit-technik.de\/pt-pt\/wp-json\/wp\/v2\/product_brand?post=18541"},{"taxonomy":"product_cat","embeddable":true,"href":"https:\/\/freizeit-technik.de\/pt-pt\/wp-json\/wp\/v2\/product_cat?post=18541"},{"taxonomy":"product_tag","embeddable":true,"href":"https:\/\/freizeit-technik.de\/pt-pt\/wp-json\/wp\/v2\/product_tag?post=18541"}],"curies":[{"name":"wp","href":"https:\/\/api.w.org\/{rel}","templated":true}]}}