{"id":18563,"date":"2017-03-07T17:25:38","date_gmt":"2017-03-07T16:25:38","guid":{"rendered":"https:\/\/freizeit-technik.de\/shop\/corda-de-borracha-para-cerca-de-10-kg-de-peso-corporal-4-m-de-comprimento\/"},"modified":"2026-05-15T21:12:55","modified_gmt":"2026-05-15T19:12:55","slug":"corda-de-borracha-para-cerca-de-10-kg-de-peso-corporal-4-m-de-comprimento","status":"publish","type":"product","link":"https:\/\/freizeit-technik.de\/pt-pt\/shop\/corda-de-borracha-para-cerca-de-10-kg-de-peso-corporal-4-m-de-comprimento\/","title":{"rendered":"Corda de borracha para cerca de 10 kg de peso corporal &#8211; 4 m de comprimento"},"content":{"rendered":"","protected":false},"excerpt":{"rendered":"<p>Os nossos el\u00e1sticos do tipo 1 s\u00e3o ideais para a utiliza\u00e7\u00e3o no m\u00f3dulo de evento &#8220;bungee run&#8221;. As cordas el\u00e1sticas s\u00e3o acabadas com pe\u00e7as finais cosidas de alta qualidade, com um comprimento total de 4 metros. O alongamento m\u00e1ximo \u00e9 de 11 metros. No m\u00f3dulo de corrida de el\u00e1stico, deve ser utilizada uma corda el\u00e1stica &#8220;Tipo 1&#8221; de 10 mm para cerca de 10 kg de peso corporal, dependendo da condi\u00e7\u00e3o f\u00edsica individual. As cordas el\u00e1sticas podem ser fixadas com um mosquet\u00e3o e ajustadas conforme necess\u00e1rio.    <\/p>\n<p>A pedido, tamb\u00e9m podemos produzir para ti cordas de borracha para corrida de bungee em todas as outras qualidades, di\u00e2metros e comprimentos.<\/p>\n<p><u><strong>Toma nota!  <\/strong><\/u><br \/>\nPara o bungee run, deves utilizar sempre pelo menos 2 cordas de borracha intactas!<\/p>\n","protected":false},"featured_media":17321,"comment_status":"open","ping_status":"closed","template":"","meta":{"_acf_changed":false},"product_brand":[],"product_cat":[394],"product_tag":[],"class_list":{"0":"post-18563","1":"product","2":"type-product","3":"status-publish","4":"has-post-thumbnail","6":"product_cat-corrida-de-bungee","8":"first","9":"instock","10":"taxable","11":"shipping-taxable","12":"purchasable","13":"product-type-simple"},"acf":[],"_links":{"self":[{"href":"https:\/\/freizeit-technik.de\/pt-pt\/wp-json\/wp\/v2\/product\/18563","targetHints":{"allow":["GET"]}}],"collection":[{"href":"https:\/\/freizeit-technik.de\/pt-pt\/wp-json\/wp\/v2\/product"}],"about":[{"href":"https:\/\/freizeit-technik.de\/pt-pt\/wp-json\/wp\/v2\/types\/product"}],"replies":[{"embeddable":true,"href":"https:\/\/freizeit-technik.de\/pt-pt\/wp-json\/wp\/v2\/comments?post=18563"}],"wp:featuredmedia":[{"embeddable":true,"href":"https:\/\/freizeit-technik.de\/pt-pt\/wp-json\/wp\/v2\/media\/17321"}],"wp:attachment":[{"href":"https:\/\/freizeit-technik.de\/pt-pt\/wp-json\/wp\/v2\/media?parent=18563"}],"wp:term":[{"taxonomy":"product_brand","embeddable":true,"href":"https:\/\/freizeit-technik.de\/pt-pt\/wp-json\/wp\/v2\/product_brand?post=18563"},{"taxonomy":"product_cat","embeddable":true,"href":"https:\/\/freizeit-technik.de\/pt-pt\/wp-json\/wp\/v2\/product_cat?post=18563"},{"taxonomy":"product_tag","embeddable":true,"href":"https:\/\/freizeit-technik.de\/pt-pt\/wp-json\/wp\/v2\/product_tag?post=18563"}],"curies":[{"name":"wp","href":"https:\/\/api.w.org\/{rel}","templated":true}]}}