{"id":18603,"date":"2017-04-12T14:25:42","date_gmt":"2017-04-12T12:25:42","guid":{"rendered":"https:\/\/freizeit-technik.de\/shop\/correia-de-retencao-simples\/"},"modified":"2026-05-15T21:14:06","modified_gmt":"2026-05-15T19:14:06","slug":"correia-de-retencao-simples","status":"publish","type":"product","link":"https:\/\/freizeit-technik.de\/pt-pt\/shop\/correia-de-retencao-simples\/","title":{"rendered":"Correia de reten\u00e7\u00e3o simples"},"content":{"rendered":"<p><img loading=\"lazy\" decoding=\"async\" class=\"size-full wp-image-511 alignleft\" src=\"https:\/\/freizeit-technik.de\/wp-content\/uploads\/2017\/03\/Q_asia.jpg\" alt=\"\" width=\"64\" height=\"64\"><\/p>\n<p><img loading=\"lazy\" decoding=\"async\" class=\"size-full wp-image-429 alignleft\" src=\"https:\/\/freizeit-technik.de\/wp-content\/uploads\/2017\/02\/premium_line.gif\" alt=\"\" width=\"119\" height=\"64\"><\/p>\n","protected":false},"excerpt":{"rendered":"<p><span class=\"tx-ttproducts-pi1-wrap2\">Aba de reten\u00e7\u00e3o com ilh\u00f3 simples para a auto-montagem de el\u00e1sticos de l\u00e1tex.<\/span><\/p>\n<div><span class=\"tx-ttproducts-pi1-wrap2\">Encomend\u00e1mos uma aprova\u00e7\u00e3o T\u00dcV para o sistema completo com Elastiks.<\/span><\/div>\n","protected":false},"featured_media":18604,"comment_status":"open","ping_status":"closed","template":"","meta":{"_acf_changed":false},"product_brand":[],"product_cat":[244,246],"product_tag":[],"class_list":{"0":"post-18603","1":"product","2":"type-product","3":"status-publish","4":"has-post-thumbnail","6":"product_cat-elasticos-e-cordas","7":"product_cat-faz-tu-mesmo","9":"first","10":"instock","11":"taxable","12":"shipping-taxable","13":"purchasable","14":"product-type-simple"},"acf":[],"_links":{"self":[{"href":"https:\/\/freizeit-technik.de\/pt-pt\/wp-json\/wp\/v2\/product\/18603","targetHints":{"allow":["GET"]}}],"collection":[{"href":"https:\/\/freizeit-technik.de\/pt-pt\/wp-json\/wp\/v2\/product"}],"about":[{"href":"https:\/\/freizeit-technik.de\/pt-pt\/wp-json\/wp\/v2\/types\/product"}],"replies":[{"embeddable":true,"href":"https:\/\/freizeit-technik.de\/pt-pt\/wp-json\/wp\/v2\/comments?post=18603"}],"wp:featuredmedia":[{"embeddable":true,"href":"https:\/\/freizeit-technik.de\/pt-pt\/wp-json\/wp\/v2\/media\/18604"}],"wp:attachment":[{"href":"https:\/\/freizeit-technik.de\/pt-pt\/wp-json\/wp\/v2\/media?parent=18603"}],"wp:term":[{"taxonomy":"product_brand","embeddable":true,"href":"https:\/\/freizeit-technik.de\/pt-pt\/wp-json\/wp\/v2\/product_brand?post=18603"},{"taxonomy":"product_cat","embeddable":true,"href":"https:\/\/freizeit-technik.de\/pt-pt\/wp-json\/wp\/v2\/product_cat?post=18603"},{"taxonomy":"product_tag","embeddable":true,"href":"https:\/\/freizeit-technik.de\/pt-pt\/wp-json\/wp\/v2\/product_tag?post=18603"}],"curies":[{"name":"wp","href":"https:\/\/api.w.org\/{rel}","templated":true}]}}