{"id":18680,"date":"2017-03-07T17:24:41","date_gmt":"2017-03-07T16:24:41","guid":{"rendered":"https:\/\/freizeit-technik.de\/shop\/cinto-de-cintura-bungee-run-tamanho-m-xl-cor-vermelha\/"},"modified":"2026-05-15T21:15:07","modified_gmt":"2026-05-15T19:15:07","slug":"cinto-de-cintura-bungee-run-tamanho-m-xl-cor-vermelha","status":"publish","type":"product","link":"https:\/\/freizeit-technik.de\/pt-pt\/shop\/cinto-de-cintura-bungee-run-tamanho-m-xl-cor-vermelha\/","title":{"rendered":"Cinto de cintura Bungee-Run, tamanho M &#8211; XL, cor vermelha"},"content":{"rendered":"","protected":false},"excerpt":{"rendered":"<p>Este arn\u00eas de corrida com el\u00e1stico \u00e9 muito confort\u00e1vel gra\u00e7as \u00e0 sua ampla superf\u00edcie de contacto e ao bom acolchoamento.<br \/>\nFabricado na UE numa f\u00e1brica com certifica\u00e7\u00e3o EPI e de muito boa qualidade.<br \/>\nPara uma circunfer\u00eancia da anca de 100 a 135 cm.<\/p>\n","protected":false},"featured_media":18682,"comment_status":"open","ping_status":"closed","template":"","meta":{"_acf_changed":false},"product_brand":[],"product_cat":[394],"product_tag":[],"class_list":{"0":"post-18680","1":"product","2":"type-product","3":"status-publish","4":"has-post-thumbnail","6":"product_cat-corrida-de-bungee","8":"first","9":"instock","10":"taxable","11":"shipping-taxable","12":"purchasable","13":"product-type-simple"},"acf":[],"_links":{"self":[{"href":"https:\/\/freizeit-technik.de\/pt-pt\/wp-json\/wp\/v2\/product\/18680","targetHints":{"allow":["GET"]}}],"collection":[{"href":"https:\/\/freizeit-technik.de\/pt-pt\/wp-json\/wp\/v2\/product"}],"about":[{"href":"https:\/\/freizeit-technik.de\/pt-pt\/wp-json\/wp\/v2\/types\/product"}],"replies":[{"embeddable":true,"href":"https:\/\/freizeit-technik.de\/pt-pt\/wp-json\/wp\/v2\/comments?post=18680"}],"wp:featuredmedia":[{"embeddable":true,"href":"https:\/\/freizeit-technik.de\/pt-pt\/wp-json\/wp\/v2\/media\/18682"}],"wp:attachment":[{"href":"https:\/\/freizeit-technik.de\/pt-pt\/wp-json\/wp\/v2\/media?parent=18680"}],"wp:term":[{"taxonomy":"product_brand","embeddable":true,"href":"https:\/\/freizeit-technik.de\/pt-pt\/wp-json\/wp\/v2\/product_brand?post=18680"},{"taxonomy":"product_cat","embeddable":true,"href":"https:\/\/freizeit-technik.de\/pt-pt\/wp-json\/wp\/v2\/product_cat?post=18680"},{"taxonomy":"product_tag","embeddable":true,"href":"https:\/\/freizeit-technik.de\/pt-pt\/wp-json\/wp\/v2\/product_tag?post=18680"}],"curies":[{"name":"wp","href":"https:\/\/api.w.org\/{rel}","templated":true}]}}