{"id":18688,"date":"2017-04-10T15:09:31","date_gmt":"2017-04-10T13:09:31","guid":{"rendered":"https:\/\/freizeit-technik.de\/shop\/lacos-de-fita-tecidos-cosidos\/"},"modified":"2026-05-15T21:15:12","modified_gmt":"2026-05-15T19:15:12","slug":"lacos-de-fita-tecidos-cosidos","status":"publish","type":"product","link":"https:\/\/freizeit-technik.de\/pt-pt\/shop\/lacos-de-fita-tecidos-cosidos\/","title":{"rendered":"La\u00e7os de fita tecidos cosidos"},"content":{"rendered":"<p><b>Adequado para utiliza\u00e7\u00e3o em cabos expansores de borracha e mangueiras de l\u00e1tex nuas.<br \/>\nCircunfer\u00eancia: 36cm<br \/>\nComprimento: 18cm<\/b><\/p>\n<p><img loading=\"lazy\" decoding=\"async\" class=\"alignnone size-full wp-image-682\" src=\"https:\/\/freizeit-technik.de\/wp-content\/uploads\/2017\/03\/Q_deutschland-1.gif\" alt=\"\" width=\"64\" height=\"64\"><img loading=\"lazy\" decoding=\"async\" class=\"alignnone size-full wp-image-694\" src=\"https:\/\/freizeit-technik.de\/wp-content\/uploads\/2017\/03\/premium_line.gif\" alt=\"\" width=\"119\" height=\"64\"><img loading=\"lazy\" decoding=\"async\" class=\"alignnone size-full wp-image-448\" src=\"https:\/\/freizeit-technik.de\/wp-content\/uploads\/2017\/02\/exclusively_JS.gif\" alt=\"\" width=\"119\" height=\"64\"><\/p>\n","protected":false},"excerpt":{"rendered":"<p>Este novo produto oferece ao utilizador v\u00e1rias vantagens. Os nossos la\u00e7os largos de cinta de poli\u00e9ster s\u00e3o totalmente cosidos e t\u00eam uma carga de rutura muito elevada. Poupa-te aos n\u00f3s adicionais das extremidades das cintas!<br \/>\nA corda pronta a usar n\u00e3o tem n\u00f3s. Um ganho significativo na facilidade de utiliza\u00e7\u00e3o, uma vez que as cordas t\u00eam menos probabilidades de ficarem presas umas nas outras. Mant\u00e9m-na curta para esticar ao m\u00e1ximo as cordas de borracha do teu sistema de trampolim com el\u00e1stico!  <b><\/b><\/p>\n<p>Adequado para utiliza\u00e7\u00e3o em cabos de borracha expansivos e mangueiras de l\u00e1tex nuas.<\/p>\n","protected":false},"featured_media":18691,"comment_status":"open","ping_status":"closed","template":"","meta":{"_acf_changed":false},"product_brand":[],"product_cat":[244,246],"product_tag":[],"class_list":{"0":"post-18688","1":"product","2":"type-product","3":"status-publish","4":"has-post-thumbnail","6":"product_cat-elasticos-e-cordas","7":"product_cat-faz-tu-mesmo","9":"first","10":"instock","11":"taxable","12":"shipping-taxable","13":"purchasable","14":"product-type-simple"},"acf":[],"_links":{"self":[{"href":"https:\/\/freizeit-technik.de\/pt-pt\/wp-json\/wp\/v2\/product\/18688","targetHints":{"allow":["GET"]}}],"collection":[{"href":"https:\/\/freizeit-technik.de\/pt-pt\/wp-json\/wp\/v2\/product"}],"about":[{"href":"https:\/\/freizeit-technik.de\/pt-pt\/wp-json\/wp\/v2\/types\/product"}],"replies":[{"embeddable":true,"href":"https:\/\/freizeit-technik.de\/pt-pt\/wp-json\/wp\/v2\/comments?post=18688"}],"wp:featuredmedia":[{"embeddable":true,"href":"https:\/\/freizeit-technik.de\/pt-pt\/wp-json\/wp\/v2\/media\/18691"}],"wp:attachment":[{"href":"https:\/\/freizeit-technik.de\/pt-pt\/wp-json\/wp\/v2\/media?parent=18688"}],"wp:term":[{"taxonomy":"product_brand","embeddable":true,"href":"https:\/\/freizeit-technik.de\/pt-pt\/wp-json\/wp\/v2\/product_brand?post=18688"},{"taxonomy":"product_cat","embeddable":true,"href":"https:\/\/freizeit-technik.de\/pt-pt\/wp-json\/wp\/v2\/product_cat?post=18688"},{"taxonomy":"product_tag","embeddable":true,"href":"https:\/\/freizeit-technik.de\/pt-pt\/wp-json\/wp\/v2\/product_tag?post=18688"}],"curies":[{"name":"wp","href":"https:\/\/api.w.org\/{rel}","templated":true}]}}